{"id":15,"date":"2023-06-22T10:36:42","date_gmt":"2023-06-22T10:36:42","guid":{"rendered":"https:\/\/staging.accentform.com\/?page_id=15"},"modified":"2024-05-03T10:53:15","modified_gmt":"2024-05-03T08:53:15","slug":"nachhaltigkeit","status":"publish","type":"page","link":"https:\/\/accentform.com\/de\/nachhaltigkeit\/","title":{"rendered":"Nachhaltigkeit"},"content":{"rendered":"\t\t<div data-elementor-type=\"wp-page\" data-elementor-id=\"15\" class=\"elementor elementor-15\" data-elementor-post-type=\"page\">\n\t\t\t\t<div class=\"elementor-element elementor-element-05a05db e-flex e-con-boxed e-con e-parent\" data-id=\"05a05db\" data-element_type=\"container\" data-e-type=\"container\" data-settings=\"{&quot;background_background&quot;:&quot;classic&quot;,&quot;jet_parallax_layout_list&quot;:[]}\">\n\t\t\t\t\t<div class=\"e-con-inner\">\n\t\t\t\t<div class=\"elementor-element elementor-element-82aadf2 elementor-align-center elementor-widget elementor-widget-breadcrumbs\" data-id=\"82aadf2\" data-element_type=\"widget\" data-e-type=\"widget\" data-widget_type=\"breadcrumbs.default\">\n\t\t\t\t<div class=\"elementor-widget-container\">\n\t\t\t\t\t<p id=\"breadcrumbs\"><span><span><a href=\"https:\/\/accentform.com\/de\/\">Home<\/a><\/span><\/span><\/p>\t\t\t\t<\/div>\n\t\t\t\t<\/div>\n\t\t\t\t<div class=\"elementor-element elementor-element-5bbc8bb elementor-widget elementor-widget-heading\" data-id=\"5bbc8bb\" data-element_type=\"widget\" data-e-type=\"widget\" data-widget_type=\"heading.default\">\n\t\t\t\t<div class=\"elementor-widget-container\">\n\t\t\t\t\t<h2 class=\"elementor-heading-title elementor-size-default\">Nachhaltigkeit<\/h2>\t\t\t\t<\/div>\n\t\t\t\t<\/div>\n\t\t\t\t\t<\/div>\n\t\t\t\t<\/div>\n\t\t<div class=\"elementor-element elementor-element-3e61584 e-flex e-con-boxed e-con e-parent\" data-id=\"3e61584\" data-element_type=\"container\" data-e-type=\"container\" data-settings=\"{&quot;jet_parallax_layout_list&quot;:[]}\">\n\t\t\t\t\t<div class=\"e-con-inner\">\n\t\t\t\t<div class=\"elementor-element elementor-element-008fe61 elementor-widget elementor-widget-heading\" data-id=\"008fe61\" data-element_type=\"widget\" data-e-type=\"widget\" data-widget_type=\"heading.default\">\n\t\t\t\t<div class=\"elementor-widget-container\">\n\t\t\t\t\t<h2 class=\"elementor-heading-title elementor-size-default\">Nachhaltige Kunststoff-Produktion<\/h2>\t\t\t\t<\/div>\n\t\t\t\t<\/div>\n\t\t<div class=\"elementor-element elementor-element-a1ee479 e-con-full e-flex e-con e-child\" data-id=\"a1ee479\" data-element_type=\"container\" data-e-type=\"container\" data-settings=\"{&quot;jet_parallax_layout_list&quot;:[]}\">\n\t\t<div class=\"elementor-element elementor-element-6556939 e-con-full e-flex e-con e-child\" data-id=\"6556939\" data-element_type=\"container\" data-e-type=\"container\" data-settings=\"{&quot;jet_parallax_layout_list&quot;:[]}\">\n\t\t\t\t<div class=\"elementor-element elementor-element-8dac398 elementor-widget elementor-widget-heading\" data-id=\"8dac398\" data-element_type=\"widget\" data-e-type=\"widget\" data-widget_type=\"heading.default\">\n\t\t\t\t<div class=\"elementor-widget-container\">\n\t\t\t\t\t<p class=\"elementor-heading-title elementor-size-default\">Nat\u00fcrlich vielf\u00e4ltig, nat\u00fcrlich nachhaltig!\n<\/p>\t\t\t\t<\/div>\n\t\t\t\t<\/div>\n\t\t\t\t<div class=\"elementor-element elementor-element-b39b6b3 elementor-widget elementor-widget-text-editor\" data-id=\"b39b6b3\" data-element_type=\"widget\" data-e-type=\"widget\" data-widget_type=\"text-editor.default\">\n\t\t\t\t<div class=\"elementor-widget-container\">\n\t\t\t\t\t\t\t\t\t<p>Nach diesem Grundsatz richten wir unsere gesamte Kunststoff-Produktion aus. Durch unsere umweltschonenden Produktionswege sind wir einer der weltweit f\u00fchrenden Anbieter f\u00fcr nachhaltig gefertigte Einzel- und Sonderanfertigungen aus Faserverbundstoffen.<\/p><p>Unsere Faserverbundteile zeichnen sich aufgrund ihrer besonderen Langlebigkeit aus; so k\u00f6nnen wir mit unserem Produktportfolio eine hervorragende Umweltbilanz erzielen. Jedes Bauteil wird durch unsere Ingenieure konstruktiv so designt, dass durch Aerodynamik und Alltagstauglichkeit ein dauerhafter Nutzen \u00fcber die gesamte Lebensdauer jedes einzelnen Produktes erzielt wird.<\/p>\t\t\t\t\t\t\t\t<\/div>\n\t\t\t\t<\/div>\n\t\t\t\t<\/div>\n\t\t<div class=\"elementor-element elementor-element-63bc570 e-con-full e-flex e-con e-child\" data-id=\"63bc570\" data-element_type=\"container\" data-e-type=\"container\" data-settings=\"{&quot;jet_parallax_layout_list&quot;:[]}\">\n\t\t\t\t<div class=\"elementor-element elementor-element-9f23685 elementor-widget-mobile__width-inherit elementor-widget elementor-widget-image\" data-id=\"9f23685\" data-element_type=\"widget\" data-e-type=\"widget\" data-widget_type=\"image.default\">\n\t\t\t\t<div class=\"elementor-widget-container\">\n\t\t\t\t\t\t\t\t\t\t\t\t\t\t\t\t<a href=\"https:\/\/accentform.com\/wp-content\/uploads\/2024\/03\/Accentform-halle1.jpg\" data-elementor-open-lightbox=\"yes\" data-e-action-hash=\"#elementor-action%3Aaction%3Dlightbox%26settings%3DeyJpZCI6MTk2NjAsInVybCI6Imh0dHBzOlwvXC9hY2NlbnRmb3JtLmNvbVwvd3AtY29udGVudFwvdXBsb2Fkc1wvMjAyNFwvMDNcL0FjY2VudGZvcm0taGFsbGUxLmpwZyJ9\">\n\t\t\t\t\t\t\t<img fetchpriority=\"high\" decoding=\"async\" width=\"900\" height=\"570\" src=\"https:\/\/accentform.com\/wp-content\/uploads\/2024\/03\/Accentform-halle1.jpg\" class=\"attachment-large size-large wp-image-19660\" alt=\"\" srcset=\"https:\/\/accentform.com\/wp-content\/uploads\/2024\/03\/Accentform-halle1.jpg 900w, https:\/\/accentform.com\/wp-content\/uploads\/2024\/03\/Accentform-halle1-300x190.jpg 300w, https:\/\/accentform.com\/wp-content\/uploads\/2024\/03\/Accentform-halle1-768x486.jpg 768w\" sizes=\"(max-width: 900px) 100vw, 900px\" \/>\t\t\t\t\t\t\t\t<\/a>\n\t\t\t\t\t\t\t\t\t\t\t\t\t\t\t<\/div>\n\t\t\t\t<\/div>\n\t\t\t\t<\/div>\n\t\t\t\t<\/div>\n\t\t<div class=\"elementor-element elementor-element-9e2b867 e-con-full e-flex e-con e-child\" data-id=\"9e2b867\" data-element_type=\"container\" data-e-type=\"container\" data-settings=\"{&quot;jet_parallax_layout_list&quot;:[]}\">\n\t\t<div class=\"elementor-element elementor-element-375b412 e-con-full e-flex e-con e-child\" data-id=\"375b412\" data-element_type=\"container\" data-e-type=\"container\" data-settings=\"{&quot;jet_parallax_layout_list&quot;:[]}\">\n\t\t\t\t<div class=\"elementor-element elementor-element-01b1b35 elementor-widget-mobile__width-inherit elementor-widget elementor-widget-image\" data-id=\"01b1b35\" data-element_type=\"widget\" data-e-type=\"widget\" data-widget_type=\"image.default\">\n\t\t\t\t<div class=\"elementor-widget-container\">\n\t\t\t\t\t\t\t\t\t\t\t\t\t\t\t<img decoding=\"async\" width=\"200\" height=\"300\" src=\"https:\/\/accentform.com\/wp-content\/uploads\/2023\/06\/kunststoff-nachhaltig-1-200x300-1.jpg\" class=\"attachment-large size-large wp-image-1921\" alt=\"\" \/>\t\t\t\t\t\t\t\t\t\t\t\t\t\t\t<\/div>\n\t\t\t\t<\/div>\n\t\t\t\t<\/div>\n\t\t<div class=\"elementor-element elementor-element-04423ad e-con-full e-flex e-con e-child\" data-id=\"04423ad\" data-element_type=\"container\" data-e-type=\"container\" data-settings=\"{&quot;jet_parallax_layout_list&quot;:[]}\">\n\t\t\t\t<div class=\"elementor-element elementor-element-900f8b4 elementor-widget elementor-widget-text-editor\" data-id=\"900f8b4\" data-element_type=\"widget\" data-e-type=\"widget\" data-widget_type=\"text-editor.default\">\n\t\t\t\t<div class=\"elementor-widget-container\">\n\t\t\t\t\t\t\t\t\t<p>Um eine nachhaltige Produktion zu gew\u00e4hrleiten, vertrauen wir auf modernste Standards:<br \/>Dies f\u00e4ngt bereits bei der Angebotserstellung an. Wir sind Experten f\u00fcr glasfaser- und kohlefaserverst\u00e4rkte Kunststoffverbundteile (GFK, CFK). Aufgrund der steigenden Nachfrage an kohlenstoffneutralen und biobasierten Faserverbundteilen haben wir unsere Expertise auch auf die Produktion von naturfaserverst\u00e4rkten Verbundteilen erweitert (NFK). Diese eignen sich insbesondere f\u00fcr nachhaltige Architekturprojekte, nachhaltige Kunst oder nachhaltige Figuren und Skulpturen.<\/p><p>Gleichzeitig streben wir eine CO2-neutrale Produktion unserer Produkte an und arbeiten t\u00e4glich an einer Reduzierung unseres \u00f6kologischen Fu\u00dfabdrucks. Die betriebseigenen PV-Anlagen gewinnen mehr als die durch uns ben\u00f6tigte Stromverbrauchsmenge. Freie Fl\u00e4chen werden zur Errichtung neuer PV-Anlagen genutzt, um so unseren selbst erzeugten \u00d6ko-Strom auch in das \u00f6ffentliche Stromnetz einzuspeisen. Zielsetzung ist es durch unsere PV-Anlagen eine Leistung von 500kWp zu erreichen.<\/p>\t\t\t\t\t\t\t\t<\/div>\n\t\t\t\t<\/div>\n\t\t\t\t<\/div>\n\t\t\t\t<\/div>\n\t\t<div class=\"elementor-element elementor-element-449d8d1 e-con-full e-flex e-con e-child\" data-id=\"449d8d1\" data-element_type=\"container\" data-e-type=\"container\" data-settings=\"{&quot;jet_parallax_layout_list&quot;:[]}\">\n\t\t<div class=\"elementor-element elementor-element-16eabf6 e-con-full e-flex e-con e-child\" data-id=\"16eabf6\" data-element_type=\"container\" data-e-type=\"container\" data-settings=\"{&quot;jet_parallax_layout_list&quot;:[]}\">\n\t\t\t\t<div class=\"elementor-element elementor-element-121a5bc elementor-widget elementor-widget-text-editor\" data-id=\"121a5bc\" data-element_type=\"widget\" data-e-type=\"widget\" data-widget_type=\"text-editor.default\">\n\t\t\t\t<div class=\"elementor-widget-container\">\n\t\t\t\t\t\t\t\t\t<p>Gleichzeitig werden alle Produktionsbereiche und betrieblichen Einrichtungen kontinuierlich auf ihre Energieeffizienz \u00fcberpr\u00fcft. Daher werden in unserer Produktion seit mehreren Jahren ausschlie\u00dflich LED- Lampen mit Bewegungsmeldern eingesetzt. Unsere Druckluft wird mit modernsten Schraubenkompressoren erzeugt, die Prozessenergie wird als Heizw\u00e4rme zur\u00fcckgewonnen und unser Druckluftnetz sowie alle Anschl\u00fcsse sind leckagesicher ausgef\u00fchrt. Ebenfalls sind unsere Lackier- und L\u00fcftungsanlagen mit W\u00e4rmer\u00fcckgewinnungsanlagen ausgestattet, die bis zu 80% der W\u00e4rmeenergie zur\u00fcckgewinnen k\u00f6nnen.<\/p><p>Weiterhin haben wir als Ziel erkl\u00e4rt, Ressourcen zu schonen und unseren Rohstoffresten ein zweites Leben zu schenken. F\u00fcr uns ist der Wertstoffkreislauf von Styropor daher unverzichtbar und hilft uns unsere Abf\u00e4lle auf ein Minimum zu reduzieren. In unserem Haus haben wir die M\u00f6glichkeit geschaffen, unsere Styroporreste zu zerkleinern und zu verpressen. Das verpresste Styropor kann anschlie\u00dfend erneut zu vollwertigen Styroporbl\u00f6cken aufgesch\u00e4umt und wiederverwendet werden.<\/p><p>Die Reduzierung unserer Umweltauswirkungen an unserem Standort sowie entlang unserer Wertsch\u00f6pfungskette haben wir als Unternehmensziel anerkannt. Vielfalt und Nachhaltigkeit stehen f\u00fcr ACCENTFORM als wichtiger Zukunftswegweiser nebeneinander.<\/p>\t\t\t\t\t\t\t\t<\/div>\n\t\t\t\t<\/div>\n\t\t\t\t<\/div>\n\t\t<div class=\"elementor-element elementor-element-410b624 e-con-full e-flex e-con e-child\" data-id=\"410b624\" data-element_type=\"container\" data-e-type=\"container\" data-settings=\"{&quot;jet_parallax_layout_list&quot;:[]}\">\n\t\t\t\t<div class=\"elementor-element elementor-element-5d4cce4 elementor-widget-mobile__width-inherit elementor-widget elementor-widget-image\" data-id=\"5d4cce4\" data-element_type=\"widget\" data-e-type=\"widget\" data-widget_type=\"image.default\">\n\t\t\t\t<div class=\"elementor-widget-container\">\n\t\t\t\t\t\t\t\t\t\t\t\t\t\t\t<img decoding=\"async\" width=\"200\" height=\"300\" src=\"https:\/\/accentform.com\/wp-content\/uploads\/2023\/06\/nachhaltigkeit-styroporpresse-200x300-1.jpg\" class=\"attachment-large size-large wp-image-1934\" alt=\"\" \/>\t\t\t\t\t\t\t\t\t\t\t\t\t\t\t<\/div>\n\t\t\t\t<\/div>\n\t\t\t\t<\/div>\n\t\t\t\t<\/div>\n\t\t\t\t\t<\/div>\n\t\t\t\t<\/div>\n\t\t\t\t<\/div>\n\t\t","protected":false},"excerpt":{"rendered":"<p>Nachhaltige Kunststoff-Produktion Nat\u00fcrlich vielf\u00e4ltig, nat\u00fcrlich nachhaltig! Nach diesem Grundsatz richten wir unsere gesamte Kunststoff-Produktion aus. Durch unsere umweltschonenden Produktionswege sind wir einer der weltweit f\u00fchrenden Anbieter f\u00fcr nachhaltig gefertigte Einzel- und Sonderanfertigungen aus Faserverbundstoffen. Unsere Faserverbundteile zeichnen sich aufgrund ihrer besonderen Langlebigkeit aus; so k\u00f6nnen wir mit unserem Produktportfolio eine hervorragende Umweltbilanz erzielen. Jedes Bauteil [&hellip;]<\/p>\n","protected":false},"author":2,"featured_media":0,"parent":0,"menu_order":0,"comment_status":"closed","ping_status":"closed","template":"elementor_header_footer","meta":{"om_disable_all_campaigns":false,"_monsterinsights_skip_tracking":false,"_monsterinsights_sitenote_active":false,"_monsterinsights_sitenote_note":"","_monsterinsights_sitenote_category":0,"_uf_show_specific_survey":0,"_uf_disable_surveys":false,"footnotes":""},"class_list":["post-15","page","type-page","status-publish","hentry"],"blocksy_meta":[],"yoast_head":"<!-- This site is optimized with the Yoast SEO plugin v27.1.1 - https:\/\/yoast.com\/product\/yoast-seo-wordpress\/ -->\n<title>Nachhaltigkeit - ACCENTFORM<\/title>\n<meta name=\"description\" content=\"Nat\u00fcrlich vielf\u00e4ltig, nat\u00fcrlich nachhaltig! Nach diesem Grundsatz richten wir unsere gesamte nachhaltige Kunststoff-Produktion aus. Durch unsere umweltschonenden Produktionswege sind wir einer der weltweit f\u00fchrenden Anbieter f\u00fcr nachhaltig gefertigte Einzel- und Sonderanfertigungen aus Faserverbundstoffen.\" \/>\n<meta name=\"robots\" content=\"index, follow, max-snippet:-1, max-image-preview:large, max-video-preview:-1\" \/>\n<link rel=\"canonical\" href=\"https:\/\/accentform.com\/de\/nachhaltigkeit\/\" \/>\n<meta property=\"og:locale\" content=\"de_DE\" \/>\n<meta property=\"og:type\" content=\"article\" \/>\n<meta property=\"og:title\" content=\"Nachhaltigkeit - ACCENTFORM\" \/>\n<meta property=\"og:description\" content=\"Nat\u00fcrlich vielf\u00e4ltig, nat\u00fcrlich nachhaltig! Nach diesem Grundsatz richten wir unsere gesamte nachhaltige Kunststoff-Produktion aus. Durch unsere umweltschonenden Produktionswege sind wir einer der weltweit f\u00fchrenden Anbieter f\u00fcr nachhaltig gefertigte Einzel- und Sonderanfertigungen aus Faserverbundstoffen.\" \/>\n<meta property=\"og:url\" content=\"https:\/\/accentform.com\/de\/nachhaltigkeit\/\" \/>\n<meta property=\"og:site_name\" content=\"ACCENTFORM\" \/>\n<meta property=\"article:modified_time\" content=\"2024-05-03T08:53:15+00:00\" \/>\n<meta property=\"og:image\" content=\"https:\/\/accentform.com\/wp-content\/uploads\/2024\/03\/Accentform-halle1.jpg\" \/>\n\t<meta property=\"og:image:width\" content=\"900\" \/>\n\t<meta property=\"og:image:height\" content=\"570\" \/>\n\t<meta property=\"og:image:type\" content=\"image\/jpeg\" \/>\n<meta name=\"twitter:card\" content=\"summary_large_image\" \/>\n<meta name=\"twitter:label1\" content=\"Gesch\u00e4tzte Lesezeit\" \/>\n\t<meta name=\"twitter:data1\" content=\"3\u00a0Minuten\" \/>\n<!-- \/ Yoast SEO plugin. -->","yoast_head_json":{"title":"Nachhaltigkeit - ACCENTFORM","description":"Nat\u00fcrlich vielf\u00e4ltig, nat\u00fcrlich nachhaltig! Nach diesem Grundsatz richten wir unsere gesamte nachhaltige Kunststoff-Produktion aus. Durch unsere umweltschonenden Produktionswege sind wir einer der weltweit f\u00fchrenden Anbieter f\u00fcr nachhaltig gefertigte Einzel- und Sonderanfertigungen aus Faserverbundstoffen.","robots":{"index":"index","follow":"follow","max-snippet":"max-snippet:-1","max-image-preview":"max-image-preview:large","max-video-preview":"max-video-preview:-1"},"canonical":"https:\/\/accentform.com\/de\/nachhaltigkeit\/","og_locale":"de_DE","og_type":"article","og_title":"Nachhaltigkeit - ACCENTFORM","og_description":"Nat\u00fcrlich vielf\u00e4ltig, nat\u00fcrlich nachhaltig! Nach diesem Grundsatz richten wir unsere gesamte nachhaltige Kunststoff-Produktion aus. Durch unsere umweltschonenden Produktionswege sind wir einer der weltweit f\u00fchrenden Anbieter f\u00fcr nachhaltig gefertigte Einzel- und Sonderanfertigungen aus Faserverbundstoffen.","og_url":"https:\/\/accentform.com\/de\/nachhaltigkeit\/","og_site_name":"ACCENTFORM","article_modified_time":"2024-05-03T08:53:15+00:00","og_image":[{"width":900,"height":570,"url":"https:\/\/accentform.com\/wp-content\/uploads\/2024\/03\/Accentform-halle1.jpg","type":"image\/jpeg"}],"twitter_card":"summary_large_image","twitter_misc":{"Gesch\u00e4tzte Lesezeit":"3\u00a0Minuten"},"schema":{"@context":"https:\/\/schema.org","@graph":[{"@type":"WebPage","@id":"https:\/\/accentform.com\/de\/nachhaltigkeit\/","url":"https:\/\/accentform.com\/de\/nachhaltigkeit\/","name":"Nachhaltigkeit - ACCENTFORM","isPartOf":{"@id":"https:\/\/accentform.com\/de\/#website"},"primaryImageOfPage":{"@id":"https:\/\/accentform.com\/de\/nachhaltigkeit\/#primaryimage"},"image":{"@id":"https:\/\/accentform.com\/de\/nachhaltigkeit\/#primaryimage"},"thumbnailUrl":"https:\/\/accentform.com\/wp-content\/uploads\/2024\/03\/Accentform-halle1.jpg","datePublished":"2023-06-22T10:36:42+00:00","dateModified":"2024-05-03T08:53:15+00:00","description":"Nat\u00fcrlich vielf\u00e4ltig, nat\u00fcrlich nachhaltig! Nach diesem Grundsatz richten wir unsere gesamte nachhaltige Kunststoff-Produktion aus. Durch unsere umweltschonenden Produktionswege sind wir einer der weltweit f\u00fchrenden Anbieter f\u00fcr nachhaltig gefertigte Einzel- und Sonderanfertigungen aus Faserverbundstoffen.","breadcrumb":{"@id":"https:\/\/accentform.com\/de\/nachhaltigkeit\/#breadcrumb"},"inLanguage":"de","potentialAction":[{"@type":"ReadAction","target":["https:\/\/accentform.com\/de\/nachhaltigkeit\/"]}]},{"@type":"ImageObject","inLanguage":"de","@id":"https:\/\/accentform.com\/de\/nachhaltigkeit\/#primaryimage","url":"https:\/\/accentform.com\/wp-content\/uploads\/2024\/03\/Accentform-halle1.jpg","contentUrl":"https:\/\/accentform.com\/wp-content\/uploads\/2024\/03\/Accentform-halle1.jpg"},{"@type":"BreadcrumbList","@id":"https:\/\/accentform.com\/de\/nachhaltigkeit\/#breadcrumb","itemListElement":[{"@type":"ListItem","position":1,"name":"Home","item":"https:\/\/accentform.com\/de\/"},{"@type":"ListItem","position":2,"name":"Nachhaltigkeit"}]},{"@type":"WebSite","@id":"https:\/\/accentform.com\/de\/#website","url":"https:\/\/accentform.com\/de\/","name":"ACCENTFORM","description":"","publisher":{"@id":"https:\/\/accentform.com\/de\/#organization"},"potentialAction":[{"@type":"SearchAction","target":{"@type":"EntryPoint","urlTemplate":"https:\/\/accentform.com\/de\/?s={search_term_string}"},"query-input":{"@type":"PropertyValueSpecification","valueRequired":true,"valueName":"search_term_string"}}],"inLanguage":"de"},{"@type":"Organization","@id":"https:\/\/accentform.com\/de\/#organization","name":"ACCENTFORM","url":"https:\/\/accentform.com\/de\/","logo":{"@type":"ImageObject","inLanguage":"de","@id":"https:\/\/accentform.com\/de\/#\/schema\/logo\/image\/","url":"https:\/\/accentform.com\/wp-content\/uploads\/2023\/06\/Logo500px.png","contentUrl":"https:\/\/accentform.com\/wp-content\/uploads\/2023\/06\/Logo500px.png","width":500,"height":44,"caption":"ACCENTFORM"},"image":{"@id":"https:\/\/accentform.com\/de\/#\/schema\/logo\/image\/"}}]}},"_links":{"self":[{"href":"https:\/\/accentform.com\/de\/wp-json\/wp\/v2\/pages\/15","targetHints":{"allow":["GET"]}}],"collection":[{"href":"https:\/\/accentform.com\/de\/wp-json\/wp\/v2\/pages"}],"about":[{"href":"https:\/\/accentform.com\/de\/wp-json\/wp\/v2\/types\/page"}],"author":[{"embeddable":true,"href":"https:\/\/accentform.com\/de\/wp-json\/wp\/v2\/users\/2"}],"replies":[{"embeddable":true,"href":"https:\/\/accentform.com\/de\/wp-json\/wp\/v2\/comments?post=15"}],"version-history":[{"count":1,"href":"https:\/\/accentform.com\/de\/wp-json\/wp\/v2\/pages\/15\/revisions"}],"predecessor-version":[{"id":16964,"href":"https:\/\/accentform.com\/de\/wp-json\/wp\/v2\/pages\/15\/revisions\/16964"}],"wp:attachment":[{"href":"https:\/\/accentform.com\/de\/wp-json\/wp\/v2\/media?parent=15"}],"curies":[{"name":"wp","href":"https:\/\/api.w.org\/{rel}","templated":true}]}}