{"id":2900,"date":"2023-07-11T12:48:14","date_gmt":"2023-07-11T12:48:14","guid":{"rendered":"https:\/\/staging.accentform.com\/?page_id=2900"},"modified":"2024-05-06T12:41:50","modified_gmt":"2024-05-06T10:41:50","slug":"firmenphilosophie","status":"publish","type":"page","link":"https:\/\/accentform.com\/de\/home\/firmenphilosophie\/","title":{"rendered":"Firmenphilosophie"},"content":{"rendered":"\t\t<div data-elementor-type=\"wp-page\" data-elementor-id=\"2900\" class=\"elementor elementor-2900\" data-elementor-post-type=\"page\">\n\t\t\t\t<div class=\"elementor-element elementor-element-750cdf9 e-con-full e-flex e-con e-parent\" data-id=\"750cdf9\" data-element_type=\"container\" data-e-type=\"container\" data-settings=\"{&quot;background_background&quot;:&quot;classic&quot;,&quot;jet_parallax_layout_list&quot;:[]}\">\n\t\t\t\t<div class=\"elementor-element elementor-element-c228b35 elementor-widget elementor-widget-heading\" data-id=\"c228b35\" data-element_type=\"widget\" data-e-type=\"widget\" data-widget_type=\"heading.default\">\n\t\t\t\t<div class=\"elementor-widget-container\">\n\t\t\t\t\t<h2 class=\"elementor-heading-title elementor-size-default\">Firmenphilosophie<\/h2>\t\t\t\t<\/div>\n\t\t\t\t<\/div>\n\t\t\t\t<\/div>\n\t\t<div class=\"elementor-element elementor-element-0c97c61 e-con-full e-flex e-con e-parent\" data-id=\"0c97c61\" data-element_type=\"container\" data-e-type=\"container\" data-settings=\"{&quot;jet_parallax_layout_list&quot;:[]}\">\n\t\t<div class=\"elementor-element elementor-element-3b94e37 e-flex e-con-boxed e-con e-child\" data-id=\"3b94e37\" data-element_type=\"container\" data-e-type=\"container\" data-settings=\"{&quot;jet_parallax_layout_list&quot;:[]}\">\n\t\t\t\t\t<div class=\"e-con-inner\">\n\t\t\t\t<div class=\"elementor-element elementor-element-d76145c elementor-view-stacked elementor-widget__width-initial choseus elementor-shape-circle elementor-position-block-start elementor-mobile-position-block-start elementor-invisible elementor-widget elementor-widget-icon-box\" data-id=\"d76145c\" data-element_type=\"widget\" data-e-type=\"widget\" data-settings=\"{&quot;_animation&quot;:&quot;fadeInDown&quot;}\" data-widget_type=\"icon-box.default\">\n\t\t\t\t<div class=\"elementor-widget-container\">\n\t\t\t\t\t\t\t<div class=\"elementor-icon-box-wrapper\">\n\n\t\t\t\t\t\t<div class=\"elementor-icon-box-icon\">\n\t\t\t\t<span  class=\"elementor-icon\">\n\t\t\t\t<i aria-hidden=\"true\" class=\"fab fa-adn\"><\/i>\t\t\t\t<\/span>\n\t\t\t<\/div>\n\t\t\t\n\t\t\t\t\t\t<div class=\"elementor-icon-box-content\">\n\n\t\t\t\t\t\t\t\t\t<h2 class=\"elementor-icon-box-title\">\n\t\t\t\t\t\t<span  >\n\t\t\t\t\t\t\tUnsere wichtigsten Grunds\u00e4tze unserer Firmenphilosophie lauten unver\u00e4ndert:\t\t\t\t\t\t<\/span>\n\t\t\t\t\t<\/h2>\n\t\t\t\t\n\t\t\t\t\n\t\t\t<\/div>\n\t\t\t\n\t\t<\/div>\n\t\t\t\t\t\t<\/div>\n\t\t\t\t<\/div>\n\t\t\t\t\t<\/div>\n\t\t\t\t<\/div>\n\t\t\t\t<\/div>\n\t\t<div class=\"elementor-element elementor-element-ed0eafa e-flex e-con-boxed e-con e-parent\" data-id=\"ed0eafa\" data-element_type=\"container\" data-e-type=\"container\" data-settings=\"{&quot;jet_parallax_layout_list&quot;:[]}\">\n\t\t\t\t\t<div class=\"e-con-inner\">\n\t\t\t\t<div class=\"elementor-element elementor-element-0233ba2 elementor-align-start elementor-icon-list--layout-traditional elementor-list-item-link-full_width elementor-widget elementor-widget-icon-list\" data-id=\"0233ba2\" data-element_type=\"widget\" data-e-type=\"widget\" data-widget_type=\"icon-list.default\">\n\t\t\t\t<div class=\"elementor-widget-container\">\n\t\t\t\t\t\t\t<ul class=\"elementor-icon-list-items\">\n\t\t\t\t\t\t\t<li class=\"elementor-icon-list-item\">\n\t\t\t\t\t\t\t\t\t\t\t<span class=\"elementor-icon-list-icon\">\n\t\t\t\t\t\t\t<i aria-hidden=\"true\" class=\"fas fa-dot-circle\"><\/i>\t\t\t\t\t\t<\/span>\n\t\t\t\t\t\t\t\t\t\t<span class=\"elementor-icon-list-text\">Der Ma\u00dfstab f\u00fcr die Qualit\u00e4t unserer Produkte und Dienstleistungen wird von der Zufriedenheit der Kunden bestimmt.<\/span>\n\t\t\t\t\t\t\t\t\t<\/li>\n\t\t\t\t\t\t\t\t<li class=\"elementor-icon-list-item\">\n\t\t\t\t\t\t\t\t\t\t\t<span class=\"elementor-icon-list-icon\">\n\t\t\t\t\t\t\t<i aria-hidden=\"true\" class=\"fas fa-dot-circle\"><\/i>\t\t\t\t\t\t<\/span>\n\t\t\t\t\t\t\t\t\t\t<span class=\"elementor-icon-list-text\">Die Kunden sind nur mit fehlerfreien Produkten und Dienstleistungen termingetreu zu beliefern.<\/span>\n\t\t\t\t\t\t\t\t\t<\/li>\n\t\t\t\t\t\t\t\t<li class=\"elementor-icon-list-item\">\n\t\t\t\t\t\t\t\t\t\t\t<span class=\"elementor-icon-list-icon\">\n\t\t\t\t\t\t\t<i aria-hidden=\"true\" class=\"fas fa-dot-circle\"><\/i>\t\t\t\t\t\t<\/span>\n\t\t\t\t\t\t\t\t\t\t<span class=\"elementor-icon-list-text\">Das Wissen, die F\u00e4higkeiten und die Motivation unserer Mitarbeiter kontinuierlich zu verbessern.<\/span>\n\t\t\t\t\t\t\t\t\t<\/li>\n\t\t\t\t\t\t\t\t<li class=\"elementor-icon-list-item\">\n\t\t\t\t\t\t\t\t\t\t\t<span class=\"elementor-icon-list-icon\">\n\t\t\t\t\t\t\t<i aria-hidden=\"true\" class=\"fas fa-dot-circle\"><\/i>\t\t\t\t\t\t<\/span>\n\t\t\t\t\t\t\t\t\t\t<span class=\"elementor-icon-list-text\">Die Gesamtleistung unserer Organisation permanent zu verbessern.<\/span>\n\t\t\t\t\t\t\t\t\t<\/li>\n\t\t\t\t\t\t<\/ul>\n\t\t\t\t\t\t<\/div>\n\t\t\t\t<\/div>\n\t\t<div class=\"elementor-element elementor-element-587f623 e-flex e-con-boxed e-con e-child\" data-id=\"587f623\" data-element_type=\"container\" data-e-type=\"container\" data-settings=\"{&quot;jet_parallax_layout_list&quot;:[]}\">\n\t\t\t\t\t<div class=\"e-con-inner\">\n\t\t\t\t<div class=\"elementor-element elementor-element-d2914b7 elementor-widget elementor-widget-text-editor\" data-id=\"d2914b7\" data-element_type=\"widget\" data-e-type=\"widget\" data-widget_type=\"text-editor.default\">\n\t\t\t\t<div class=\"elementor-widget-container\">\n\t\t\t\t\t\t\t\t\t<p><span style=\"color: #333333; font-family: 'PT Sans', sans-serif; font-size: 15px;\">ACCENTFORM\u00a0handelt und lebt nach seinem\u00a0<\/span><a style=\"color: #29166f; transition-property: all; transition-duration: 0.1s; transition-timing-function: ease-in-out; font-family: 'PT Sans', sans-serif; font-size: 15px;\" href=\"https:\/\/accentform.com\/wp-content\/uploads\/2016\/01\/Verhaltenskodex-Deutsch.pdf\" target=\"_blank\" rel=\"noopener\">Verhaltenskodex<\/a><span style=\"color: #333333; font-family: 'PT Sans', sans-serif; font-size: 15px;\">.<\/span><\/p>\t\t\t\t\t\t\t\t<\/div>\n\t\t\t\t<\/div>\n\t\t\t\t\t<\/div>\n\t\t\t\t<\/div>\n\t\t\t\t\t<\/div>\n\t\t\t\t<\/div>\n\t\t\t\t<\/div>\n\t\t","protected":false},"excerpt":{"rendered":"<p>Unsere wichtigsten Grunds\u00e4tze unserer Firmenphilosophie lauten unver\u00e4ndert: Der Ma\u00dfstab f\u00fcr die Qualit\u00e4t unserer Produkte und Dienstleistungen wird von der Zufriedenheit der Kunden bestimmt. Die Kunden sind nur mit fehlerfreien Produkten und Dienstleistungen termingetreu zu beliefern. Das Wissen, die F\u00e4higkeiten und die Motivation unserer Mitarbeiter kontinuierlich zu verbessern. Die Gesamtleistung unserer Organisation permanent zu verbessern. ACCENTFORM\u00a0handelt [&hellip;]<\/p>\n","protected":false},"author":2,"featured_media":0,"parent":2222,"menu_order":0,"comment_status":"closed","ping_status":"closed","template":"elementor_header_footer","meta":{"om_disable_all_campaigns":false,"_monsterinsights_skip_tracking":false,"_monsterinsights_sitenote_active":false,"_monsterinsights_sitenote_note":"","_monsterinsights_sitenote_category":0,"_uf_show_specific_survey":0,"_uf_disable_surveys":false,"footnotes":""},"class_list":["post-2900","page","type-page","status-publish","hentry"],"blocksy_meta":[],"yoast_head":"<!-- This site is optimized with the Yoast SEO plugin v27.4 - https:\/\/yoast.com\/product\/yoast-seo-wordpress\/ -->\n<title>Firmenphilosophie - ACCENTFORM<\/title>\n<meta name=\"description\" content=\"Unsere wichtigsten Grunds\u00e4tze unserer Firmenphilosophie lauten unver\u00e4ndert: Der Ma\u00dfstab f\u00fcr die Qualit\u00e4t unserer Produkte und Dienstleistungen wird von der Zufriedenheit der Kunden bestimmt.\" \/>\n<meta name=\"robots\" content=\"index, follow, max-snippet:-1, max-image-preview:large, max-video-preview:-1\" \/>\n<link rel=\"canonical\" href=\"https:\/\/accentform.com\/de\/home\/firmenphilosophie\/\" \/>\n<meta property=\"og:locale\" content=\"de_DE\" \/>\n<meta property=\"og:type\" content=\"article\" \/>\n<meta property=\"og:title\" content=\"Firmenphilosophie - ACCENTFORM\" \/>\n<meta property=\"og:description\" content=\"Unsere wichtigsten Grunds\u00e4tze unserer Firmenphilosophie lauten unver\u00e4ndert: Der Ma\u00dfstab f\u00fcr die Qualit\u00e4t unserer Produkte und Dienstleistungen wird von der Zufriedenheit der Kunden bestimmt.\" \/>\n<meta property=\"og:url\" content=\"https:\/\/accentform.com\/de\/home\/firmenphilosophie\/\" \/>\n<meta property=\"og:site_name\" content=\"ACCENTFORM\" \/>\n<meta property=\"article:modified_time\" content=\"2024-05-06T10:41:50+00:00\" \/>\n<meta name=\"twitter:card\" content=\"summary_large_image\" \/>\n<meta name=\"twitter:label1\" content=\"Gesch\u00e4tzte Lesezeit\" \/>\n\t<meta name=\"twitter:data1\" content=\"1\u00a0Minute\" \/>\n<!-- \/ Yoast SEO plugin. -->","yoast_head_json":{"title":"Firmenphilosophie - ACCENTFORM","description":"Unsere wichtigsten Grunds\u00e4tze unserer Firmenphilosophie lauten unver\u00e4ndert: Der Ma\u00dfstab f\u00fcr die Qualit\u00e4t unserer Produkte und Dienstleistungen wird von der Zufriedenheit der Kunden bestimmt.","robots":{"index":"index","follow":"follow","max-snippet":"max-snippet:-1","max-image-preview":"max-image-preview:large","max-video-preview":"max-video-preview:-1"},"canonical":"https:\/\/accentform.com\/de\/home\/firmenphilosophie\/","og_locale":"de_DE","og_type":"article","og_title":"Firmenphilosophie - ACCENTFORM","og_description":"Unsere wichtigsten Grunds\u00e4tze unserer Firmenphilosophie lauten unver\u00e4ndert: Der Ma\u00dfstab f\u00fcr die Qualit\u00e4t unserer Produkte und Dienstleistungen wird von der Zufriedenheit der Kunden bestimmt.","og_url":"https:\/\/accentform.com\/de\/home\/firmenphilosophie\/","og_site_name":"ACCENTFORM","article_modified_time":"2024-05-06T10:41:50+00:00","twitter_card":"summary_large_image","twitter_misc":{"Gesch\u00e4tzte Lesezeit":"1\u00a0Minute"},"schema":{"@context":"https:\/\/schema.org","@graph":[{"@type":"WebPage","@id":"https:\/\/accentform.com\/de\/home\/firmenphilosophie\/","url":"https:\/\/accentform.com\/de\/home\/firmenphilosophie\/","name":"Firmenphilosophie - ACCENTFORM","isPartOf":{"@id":"https:\/\/accentform.com\/de\/#website"},"datePublished":"2023-07-11T12:48:14+00:00","dateModified":"2024-05-06T10:41:50+00:00","description":"Unsere wichtigsten Grunds\u00e4tze unserer Firmenphilosophie lauten unver\u00e4ndert: Der Ma\u00dfstab f\u00fcr die Qualit\u00e4t unserer Produkte und Dienstleistungen wird von der Zufriedenheit der Kunden bestimmt.","breadcrumb":{"@id":"https:\/\/accentform.com\/de\/home\/firmenphilosophie\/#breadcrumb"},"inLanguage":"de","potentialAction":[{"@type":"ReadAction","target":["https:\/\/accentform.com\/de\/home\/firmenphilosophie\/"]}]},{"@type":"BreadcrumbList","@id":"https:\/\/accentform.com\/de\/home\/firmenphilosophie\/#breadcrumb","itemListElement":[{"@type":"ListItem","position":1,"name":"Home","item":"https:\/\/accentform.com\/de\/"},{"@type":"ListItem","position":2,"name":"Home","item":"https:\/\/accentform.com\/de\/"},{"@type":"ListItem","position":3,"name":"Firmenphilosophie"}]},{"@type":"WebSite","@id":"https:\/\/accentform.com\/de\/#website","url":"https:\/\/accentform.com\/de\/","name":"ACCENTFORM","description":"","publisher":{"@id":"https:\/\/accentform.com\/de\/#organization"},"potentialAction":[{"@type":"SearchAction","target":{"@type":"EntryPoint","urlTemplate":"https:\/\/accentform.com\/de\/?s={search_term_string}"},"query-input":{"@type":"PropertyValueSpecification","valueRequired":true,"valueName":"search_term_string"}}],"inLanguage":"de"},{"@type":"Organization","@id":"https:\/\/accentform.com\/de\/#organization","name":"ACCENTFORM","url":"https:\/\/accentform.com\/de\/","logo":{"@type":"ImageObject","inLanguage":"de","@id":"https:\/\/accentform.com\/de\/#\/schema\/logo\/image\/","url":"https:\/\/accentform.com\/wp-content\/uploads\/2023\/06\/Logo500px.png","contentUrl":"https:\/\/accentform.com\/wp-content\/uploads\/2023\/06\/Logo500px.png","width":500,"height":44,"caption":"ACCENTFORM"},"image":{"@id":"https:\/\/accentform.com\/de\/#\/schema\/logo\/image\/"}}]}},"_links":{"self":[{"href":"https:\/\/accentform.com\/de\/wp-json\/wp\/v2\/pages\/2900","targetHints":{"allow":["GET"]}}],"collection":[{"href":"https:\/\/accentform.com\/de\/wp-json\/wp\/v2\/pages"}],"about":[{"href":"https:\/\/accentform.com\/de\/wp-json\/wp\/v2\/types\/page"}],"author":[{"embeddable":true,"href":"https:\/\/accentform.com\/de\/wp-json\/wp\/v2\/users\/2"}],"replies":[{"embeddable":true,"href":"https:\/\/accentform.com\/de\/wp-json\/wp\/v2\/comments?post=2900"}],"version-history":[{"count":15,"href":"https:\/\/accentform.com\/de\/wp-json\/wp\/v2\/pages\/2900\/revisions"}],"predecessor-version":[{"id":17476,"href":"https:\/\/accentform.com\/de\/wp-json\/wp\/v2\/pages\/2900\/revisions\/17476"}],"up":[{"embeddable":true,"href":"https:\/\/accentform.com\/de\/wp-json\/wp\/v2\/pages\/2222"}],"wp:attachment":[{"href":"https:\/\/accentform.com\/de\/wp-json\/wp\/v2\/media?parent=2900"}],"curies":[{"name":"wp","href":"https:\/\/api.w.org\/{rel}","templated":true}]}}