{"id":2926,"date":"2023-07-11T12:59:52","date_gmt":"2023-07-11T12:59:52","guid":{"rendered":"https:\/\/staging.accentform.com\/?page_id=2926"},"modified":"2024-05-06T12:45:20","modified_gmt":"2024-05-06T10:45:20","slug":"zertifikat-iso-9001","status":"publish","type":"page","link":"https:\/\/accentform.com\/de\/home\/zertifikat-iso-9001\/","title":{"rendered":"Zertifikat ISO 9001"},"content":{"rendered":"\t\t<div data-elementor-type=\"wp-page\" data-elementor-id=\"2926\" class=\"elementor elementor-2926\" data-elementor-post-type=\"page\">\n\t\t\t\t<div class=\"elementor-element elementor-element-11feb9c e-con-full e-flex e-con e-parent\" data-id=\"11feb9c\" data-element_type=\"container\" data-e-type=\"container\" data-settings=\"{&quot;background_background&quot;:&quot;classic&quot;,&quot;jet_parallax_layout_list&quot;:[]}\">\n\t\t\t\t<div class=\"elementor-element elementor-element-5fb881d elementor-widget elementor-widget-heading\" data-id=\"5fb881d\" data-element_type=\"widget\" data-e-type=\"widget\" data-widget_type=\"heading.default\">\n\t\t\t\t<div class=\"elementor-widget-container\">\n\t\t\t\t\t<h2 class=\"elementor-heading-title elementor-size-default\">Zertifikat ISO 9001<\/h2>\t\t\t\t<\/div>\n\t\t\t\t<\/div>\n\t\t\t\t<\/div>\n\t\t<div class=\"elementor-element elementor-element-aa49136 e-con-full e-flex e-con e-parent\" data-id=\"aa49136\" data-element_type=\"container\" data-e-type=\"container\" data-settings=\"{&quot;jet_parallax_layout_list&quot;:[]}\">\n\t\t<div class=\"elementor-element elementor-element-26c4b70 e-flex e-con-boxed e-con e-child\" data-id=\"26c4b70\" data-element_type=\"container\" data-e-type=\"container\" data-settings=\"{&quot;jet_parallax_layout_list&quot;:[]}\">\n\t\t\t\t\t<div class=\"e-con-inner\">\n\t\t<div class=\"elementor-element elementor-element-a857e8e e-con-full e-flex e-con e-child\" data-id=\"a857e8e\" data-element_type=\"container\" data-e-type=\"container\" data-settings=\"{&quot;jet_parallax_layout_list&quot;:[]}\">\n\t\t<div class=\"elementor-element elementor-element-36847b6 e-con-full e-flex e-con e-child\" data-id=\"36847b6\" data-element_type=\"container\" data-e-type=\"container\" data-settings=\"{&quot;jet_parallax_layout_list&quot;:[]}\">\n\t\t\t\t<div class=\"elementor-element elementor-element-8e7a556 elementor-widget elementor-widget-image\" data-id=\"8e7a556\" data-element_type=\"widget\" data-e-type=\"widget\" data-widget_type=\"image.default\">\n\t\t\t\t<div class=\"elementor-widget-container\">\n\t\t\t\t\t\t\t\t\t\t\t\t\t\t\t\t<a href=\"https:\/\/accentform.com\/wp-content\/uploads\/2023\/07\/iso9001_accentform-1.jpg\" data-elementor-open-lightbox=\"yes\" data-e-action-hash=\"#elementor-action%3Aaction%3Dlightbox%26settings%3DeyJpZCI6MzYyNSwidXJsIjoiaHR0cHM6XC9cL2FjY2VudGZvcm0uY29tXC93cC1jb250ZW50XC91cGxvYWRzXC8yMDIzXC8wN1wvaXNvOTAwMV9hY2NlbnRmb3JtLTEuanBnIn0%3D\">\n\t\t\t\t\t\t\t<img decoding=\"async\" width=\"250\" height=\"126\" src=\"https:\/\/accentform.com\/wp-content\/uploads\/2023\/07\/iso9001_accentform-1.jpg\" class=\"attachment-full size-full wp-image-3625\" alt=\"\" \/>\t\t\t\t\t\t\t\t<\/a>\n\t\t\t\t\t\t\t\t\t\t\t\t\t\t\t<\/div>\n\t\t\t\t<\/div>\n\t\t\t\t<\/div>\n\t\t<div class=\"elementor-element elementor-element-3ba8e32 e-con-full e-flex e-con e-child\" data-id=\"3ba8e32\" data-element_type=\"container\" data-e-type=\"container\" data-settings=\"{&quot;jet_parallax_layout_list&quot;:[]}\">\n\t\t\t\t<div class=\"elementor-element elementor-element-1a0bd90 elementor-widget elementor-widget-text-editor\" data-id=\"1a0bd90\" data-element_type=\"widget\" data-e-type=\"widget\" data-widget_type=\"text-editor.default\">\n\t\t\t\t<div class=\"elementor-widget-container\">\n\t\t\t\t\t\t\t\t\t<h2 class=\"elementor-heading-title elementor-size-default elementor-inline-editing pen\" style=\"--tw-border-spacing-x: 0; --tw-border-spacing-y: 0; --tw-translate-x: 0; --tw-translate-y: 0; --tw-rotate: 0; --tw-skew-x: 0; --tw-skew-y: 0; --tw-scale-x: 1; --tw-scale-y: 1; --tw-scroll-snap-strictness: proximity; --tw-ring-offset-width: 0px; --tw-ring-offset-color: #fff; --tw-ring-color: rgba(59,130,246,.5); --tw-ring-offset-shadow: 0 0 #0000; --tw-ring-shadow: 0 0 #0000; --tw-shadow: 0 0 #0000; --tw-shadow-colored: 0 0 #0000; font-size: 30px; text-align: left; line-height: 28px; font-weight: bold; font-style: normal; letter-spacing: normal; text-transform: none; text-decoration-thickness: initial; text-decoration-style: initial; text-decoration-color: initial; --theme-font-weight: 700; --theme-font-size: 28px; --theme-line-height: 1.5; -webkit-text-stroke-color: #000000; stroke-width: 0px; stroke: #000000;\" data-elementor-setting-key=\"title\" data-pen-placeholder=\"Eingabe hier...\">Unternehmenspolitik und Leits\u00e4tze<\/h2>\t\t\t\t\t\t\t\t<\/div>\n\t\t\t\t<\/div>\n\t\t\t\t<div class=\"elementor-element elementor-element-6528106 elementor-widget elementor-widget-text-editor\" data-id=\"6528106\" data-element_type=\"widget\" data-e-type=\"widget\" data-widget_type=\"text-editor.default\">\n\t\t\t\t<div class=\"elementor-widget-container\">\n\t\t\t\t\t\t\t\t\t<p>F\u00fcr uns ist es eine selbstverst\u00e4ndliche Verpflichtung, f\u00fcr unsere Kunden qualitativ hochwertige Produkte herzustellen. Zu den Grunds\u00e4tzen unserer Arbeit geh\u00f6ren kurze Reaktionszeiten gegen\u00fcber unseren Kunden, Zuverl\u00e4ssigkeit und Flexibilit\u00e4t sowie Ordnung und Sauberkeit am Arbeitsplatz.<\/p><p>Wir verpflichten uns, mit Hilfe unseres Management-Systems unsere Prozesse einer st\u00e4ndigen Verbesserung zu unterziehen, um unseren Kunden weiterhin einen hohen Unternehmensstandard bieten zu k\u00f6nnen. Wir analysieren unsere Schwachstellen und ergreifen entsprechende Korrektur- und Vorbeugema\u00dfnahmen.<br \/>Weiterhin verpflichten wir uns alle gesetzlichen Vorschriften f\u00fcr unsere T\u00e4tigkeiten und Dienstleistungen zu ermitteln und auf dem aktuellen Stand zu halten.<\/p>\t\t\t\t\t\t\t\t<\/div>\n\t\t\t\t<\/div>\n\t\t\t\t<\/div>\n\t\t\t\t<\/div>\n\t\t<div class=\"elementor-element elementor-element-b8faff8 e-con-full e-flex e-con e-child\" data-id=\"b8faff8\" data-element_type=\"container\" data-e-type=\"container\" data-settings=\"{&quot;jet_parallax_layout_list&quot;:[]}\">\n\t\t<div class=\"elementor-element elementor-element-86d3cbb e-con-full e-flex e-con e-child\" data-id=\"86d3cbb\" data-element_type=\"container\" data-e-type=\"container\" data-settings=\"{&quot;jet_parallax_layout_list&quot;:[]}\">\n\t\t\t\t<div class=\"elementor-element elementor-element-c9ab3fa elementor-widget elementor-widget-text-editor\" data-id=\"c9ab3fa\" data-element_type=\"widget\" data-e-type=\"widget\" data-widget_type=\"text-editor.default\">\n\t\t\t\t<div class=\"elementor-widget-container\">\n\t\t\t\t\t\t\t\t\t<p>Die Einhaltung von Umweltgesetzen- und Verordnungen sowie alle anderen rechtlichen Verpflichtungen sind f\u00fcr uns ebenso selbst\u00adverst\u00e4ndlich, wie die regelm\u00e4\u00dfige \u00dcberpr\u00fcfung der getroffenen Sicherheits\u00advorkehrungen. Wir setzen dabei auf eine vertrauensvolle Kommunikation mit der \u00d6ffentlichkeit, Beh\u00f6rden, Kunden und Lieferanten und informieren sachlich und umfassend \u00fcber umweltrelevante Vorg\u00e4nge in unserem Unternehmen.<br \/>Die\u00a0ACCENTFORM\u00a0GmbH verwirklicht die Umsetzung der Unternehmenspolitik in Form eines\u00a0integrierten Management-Systems nach den Normen<b><\/b><\/p><p>Wir pflegen einen verantwortungsvollen Umgang mit Ressourcen. Das betrifft sowohl den effizienten Einsatz von Ressourcen als auch die Vermeidung von Umweltbelastungen.<br \/>Wir verpflichten uns, den betrieblichen Umweltschutz st\u00e4ndig zu verbessern und dabei auf die Verh\u00fctung von Umweltbelastungen zu achten. Dazu erfassen wir umweltrelevante Daten mit dem Ziel, unsere Schwachstellen zu analysieren und entsprechende Korrektur- und Vorbeugema\u00dfnahmen zu ergreifen.<\/p><p>Wir m\u00f6chten auch mit unseren Lieferanten vertrauensvoll und langfristig zusammenarbeiten. Ein freundlicher und offener Umgang mit unseren Zulieferern gilt daher in unserem Unter\u00adnehmen als selbstverst\u00e4ndlich.<\/p>\t\t\t\t\t\t\t\t<\/div>\n\t\t\t\t<\/div>\n\t\t\t\t<\/div>\n\t\t<div class=\"elementor-element elementor-element-c6f1afa e-con-full e-flex e-con e-child\" data-id=\"c6f1afa\" data-element_type=\"container\" data-e-type=\"container\" data-settings=\"{&quot;jet_parallax_layout_list&quot;:[]}\">\n\t\t\t\t<div class=\"elementor-element elementor-element-eba2dac elementor-widget__width-inherit elementor-widget elementor-widget-image\" data-id=\"eba2dac\" data-element_type=\"widget\" data-e-type=\"widget\" data-widget_type=\"image.default\">\n\t\t\t\t<div class=\"elementor-widget-container\">\n\t\t\t\t\t\t\t\t\t\t\t\t\t\t\t\t<a href=\"https:\/\/accentform.com\/wp-content\/uploads\/2024\/03\/ISO-9001-2015.jpg\" data-elementor-open-lightbox=\"yes\" data-e-action-hash=\"#elementor-action%3Aaction%3Dlightbox%26settings%3DeyJpZCI6MTk2MjIsInVybCI6Imh0dHBzOlwvXC9hY2NlbnRmb3JtLmNvbVwvd3AtY29udGVudFwvdXBsb2Fkc1wvMjAyNFwvMDNcL0lTTy05MDAxLTIwMTUuanBnIn0%3D\">\n\t\t\t\t\t\t\t<img decoding=\"async\" src=\"https:\/\/accentform.com\/wp-content\/uploads\/elementor\/thumbs\/ISO-9001-2015-quhxpaneqi9tvan1xw25umlwieteflid6entn6964q.jpg\" title=\"ISO-9001-2015\" alt=\"ISO-9001-2015\" loading=\"lazy\" \/>\t\t\t\t\t\t\t\t<\/a>\n\t\t\t\t\t\t\t\t\t\t\t\t\t\t\t<\/div>\n\t\t\t\t<\/div>\n\t\t\t\t<\/div>\n\t\t\t\t<\/div>\n\t\t\t\t<div class=\"elementor-element elementor-element-79ce056 elementor-widget elementor-widget-text-editor\" data-id=\"79ce056\" data-element_type=\"widget\" data-e-type=\"widget\" data-widget_type=\"text-editor.default\">\n\t\t\t\t<div class=\"elementor-widget-container\">\n\t\t\t\t\t\t\t\t\t<p>F\u00fcr die Sicherung und Verbesserung der Fachkompetenz und Leistungsf\u00e4higkeit unserer Mitarbeiter, setzen wir auf ein gutes Betriebsklima, eine sach- und menschengerechte Gestaltung der Arbeitspl\u00e4tze, auf leistungsgerechte Entlohnung und regelm\u00e4\u00dfige Fort\u00adbildungen. Dadurch wollen wir u.a. Unternehmens- und Umweltbewusstsein, Verbesserungsideen und Engagement in der Belegschaft f\u00f6rdern.<\/p><p>Zur Erreichung der festgelegten Ziele werden alle Mitarbeiter \u00fcber das Management-System informiert und in den Prozess der Einf\u00fchrung sowie der dauerhaften Sicherstellung des Systems ein\u00adgebunden.<\/p><p>Wir r\u00e4umen prinzipiell jedem unserer Kunden das Recht ein, sich \u00fcber unser Management-System zu informieren und es vor Ort zu begutachten.<\/p><p>Die wichtigsten Grunds\u00e4tze unserer Firmenphilosophie lauten:<\/p><ul><li>der Ma\u00dfstab f\u00fcr die Qualit\u00e4t unserer Produkte und Dienstleistungen wird von der Zufriedenheit der Kunden bestimmt<\/li><li>die Kunden sind nur mit fehlerfreien Produkten und Dienstleistungen termingetreu zu beliefern<\/li><li>das Wissen, die F\u00e4higkeiten und die Motivation unserer Mitarbeiter ist kontinuierlich zu verbessern<\/li><li>die Gesamtleistung unserer Organisation ist permanent zu verbessern<\/li><\/ul>\t\t\t\t\t\t\t\t<\/div>\n\t\t\t\t<\/div>\n\t\t\t\t\t<\/div>\n\t\t\t\t<\/div>\n\t\t\t\t<\/div>\n\t\t\t\t<\/div>\n\t\t","protected":false},"excerpt":{"rendered":"<p>Unternehmenspolitik und Leits\u00e4tze F\u00fcr uns ist es eine selbstverst\u00e4ndliche Verpflichtung, f\u00fcr unsere Kunden qualitativ hochwertige Produkte herzustellen. Zu den Grunds\u00e4tzen unserer Arbeit geh\u00f6ren kurze Reaktionszeiten gegen\u00fcber unseren Kunden, Zuverl\u00e4ssigkeit und Flexibilit\u00e4t sowie Ordnung und Sauberkeit am Arbeitsplatz. Wir verpflichten uns, mit Hilfe unseres Management-Systems unsere Prozesse einer st\u00e4ndigen Verbesserung zu unterziehen, um unseren Kunden weiterhin [&hellip;]<\/p>\n","protected":false},"author":2,"featured_media":0,"parent":2222,"menu_order":0,"comment_status":"closed","ping_status":"closed","template":"elementor_header_footer","meta":{"om_disable_all_campaigns":false,"_monsterinsights_skip_tracking":false,"_monsterinsights_sitenote_active":false,"_monsterinsights_sitenote_note":"","_monsterinsights_sitenote_category":0,"_uf_show_specific_survey":0,"_uf_disable_surveys":false,"footnotes":""},"class_list":["post-2926","page","type-page","status-publish","hentry"],"blocksy_meta":[],"yoast_head":"<!-- This site is optimized with the Yoast SEO plugin v27.4 - https:\/\/yoast.com\/product\/yoast-seo-wordpress\/ -->\n<title>Zertifikat ISO 9001 - ACCENTFORM<\/title>\n<meta name=\"description\" content=\"ZERTIFIKAT ISO 9001:2015\" \/>\n<meta name=\"robots\" content=\"index, follow, max-snippet:-1, max-image-preview:large, max-video-preview:-1\" \/>\n<link rel=\"canonical\" href=\"https:\/\/accentform.com\/de\/home\/zertifikat-iso-9001\/\" \/>\n<meta property=\"og:locale\" content=\"de_DE\" \/>\n<meta property=\"og:type\" content=\"article\" \/>\n<meta property=\"og:title\" content=\"Zertifikat ISO 9001 - ACCENTFORM\" \/>\n<meta property=\"og:description\" content=\"ZERTIFIKAT ISO 9001:2015\" \/>\n<meta property=\"og:url\" content=\"https:\/\/accentform.com\/de\/home\/zertifikat-iso-9001\/\" \/>\n<meta property=\"og:site_name\" content=\"ACCENTFORM\" \/>\n<meta property=\"article:modified_time\" content=\"2024-05-06T10:45:20+00:00\" \/>\n<meta property=\"og:image\" content=\"https:\/\/accentform.com\/wp-content\/uploads\/2023\/07\/iso9001_accentform-1.jpg\" \/>\n\t<meta property=\"og:image:width\" content=\"250\" \/>\n\t<meta property=\"og:image:height\" content=\"126\" \/>\n\t<meta property=\"og:image:type\" content=\"image\/jpeg\" \/>\n<meta name=\"twitter:card\" content=\"summary_large_image\" \/>\n<meta name=\"twitter:label1\" content=\"Gesch\u00e4tzte Lesezeit\" \/>\n\t<meta name=\"twitter:data1\" content=\"3\u00a0Minuten\" \/>\n<!-- \/ Yoast SEO plugin. -->","yoast_head_json":{"title":"Zertifikat ISO 9001 - ACCENTFORM","description":"ZERTIFIKAT ISO 9001:2015","robots":{"index":"index","follow":"follow","max-snippet":"max-snippet:-1","max-image-preview":"max-image-preview:large","max-video-preview":"max-video-preview:-1"},"canonical":"https:\/\/accentform.com\/de\/home\/zertifikat-iso-9001\/","og_locale":"de_DE","og_type":"article","og_title":"Zertifikat ISO 9001 - ACCENTFORM","og_description":"ZERTIFIKAT ISO 9001:2015","og_url":"https:\/\/accentform.com\/de\/home\/zertifikat-iso-9001\/","og_site_name":"ACCENTFORM","article_modified_time":"2024-05-06T10:45:20+00:00","og_image":[{"width":250,"height":126,"url":"https:\/\/accentform.com\/wp-content\/uploads\/2023\/07\/iso9001_accentform-1.jpg","type":"image\/jpeg"}],"twitter_card":"summary_large_image","twitter_misc":{"Gesch\u00e4tzte Lesezeit":"3\u00a0Minuten"},"schema":{"@context":"https:\/\/schema.org","@graph":[{"@type":"WebPage","@id":"https:\/\/accentform.com\/de\/home\/zertifikat-iso-9001\/","url":"https:\/\/accentform.com\/de\/home\/zertifikat-iso-9001\/","name":"Zertifikat ISO 9001 - ACCENTFORM","isPartOf":{"@id":"https:\/\/accentform.com\/de\/#website"},"primaryImageOfPage":{"@id":"https:\/\/accentform.com\/de\/home\/zertifikat-iso-9001\/#primaryimage"},"image":{"@id":"https:\/\/accentform.com\/de\/home\/zertifikat-iso-9001\/#primaryimage"},"thumbnailUrl":"https:\/\/accentform.com\/wp-content\/uploads\/2023\/07\/iso9001_accentform-1.jpg","datePublished":"2023-07-11T12:59:52+00:00","dateModified":"2024-05-06T10:45:20+00:00","description":"ZERTIFIKAT ISO 9001:2015","breadcrumb":{"@id":"https:\/\/accentform.com\/de\/home\/zertifikat-iso-9001\/#breadcrumb"},"inLanguage":"de","potentialAction":[{"@type":"ReadAction","target":["https:\/\/accentform.com\/de\/home\/zertifikat-iso-9001\/"]}]},{"@type":"ImageObject","inLanguage":"de","@id":"https:\/\/accentform.com\/de\/home\/zertifikat-iso-9001\/#primaryimage","url":"https:\/\/accentform.com\/wp-content\/uploads\/2023\/07\/iso9001_accentform-1.jpg","contentUrl":"https:\/\/accentform.com\/wp-content\/uploads\/2023\/07\/iso9001_accentform-1.jpg"},{"@type":"BreadcrumbList","@id":"https:\/\/accentform.com\/de\/home\/zertifikat-iso-9001\/#breadcrumb","itemListElement":[{"@type":"ListItem","position":1,"name":"Home","item":"https:\/\/accentform.com\/de\/"},{"@type":"ListItem","position":2,"name":"Home","item":"https:\/\/accentform.com\/de\/"},{"@type":"ListItem","position":3,"name":"Zertifikat ISO 9001"}]},{"@type":"WebSite","@id":"https:\/\/accentform.com\/de\/#website","url":"https:\/\/accentform.com\/de\/","name":"ACCENTFORM","description":"","publisher":{"@id":"https:\/\/accentform.com\/de\/#organization"},"potentialAction":[{"@type":"SearchAction","target":{"@type":"EntryPoint","urlTemplate":"https:\/\/accentform.com\/de\/?s={search_term_string}"},"query-input":{"@type":"PropertyValueSpecification","valueRequired":true,"valueName":"search_term_string"}}],"inLanguage":"de"},{"@type":"Organization","@id":"https:\/\/accentform.com\/de\/#organization","name":"ACCENTFORM","url":"https:\/\/accentform.com\/de\/","logo":{"@type":"ImageObject","inLanguage":"de","@id":"https:\/\/accentform.com\/de\/#\/schema\/logo\/image\/","url":"https:\/\/accentform.com\/wp-content\/uploads\/2023\/06\/Logo500px.png","contentUrl":"https:\/\/accentform.com\/wp-content\/uploads\/2023\/06\/Logo500px.png","width":500,"height":44,"caption":"ACCENTFORM"},"image":{"@id":"https:\/\/accentform.com\/de\/#\/schema\/logo\/image\/"}}]}},"_links":{"self":[{"href":"https:\/\/accentform.com\/de\/wp-json\/wp\/v2\/pages\/2926","targetHints":{"allow":["GET"]}}],"collection":[{"href":"https:\/\/accentform.com\/de\/wp-json\/wp\/v2\/pages"}],"about":[{"href":"https:\/\/accentform.com\/de\/wp-json\/wp\/v2\/types\/page"}],"author":[{"embeddable":true,"href":"https:\/\/accentform.com\/de\/wp-json\/wp\/v2\/users\/2"}],"replies":[{"embeddable":true,"href":"https:\/\/accentform.com\/de\/wp-json\/wp\/v2\/comments?post=2926"}],"version-history":[{"count":9,"href":"https:\/\/accentform.com\/de\/wp-json\/wp\/v2\/pages\/2926\/revisions"}],"predecessor-version":[{"id":17496,"href":"https:\/\/accentform.com\/de\/wp-json\/wp\/v2\/pages\/2926\/revisions\/17496"}],"up":[{"embeddable":true,"href":"https:\/\/accentform.com\/de\/wp-json\/wp\/v2\/pages\/2222"}],"wp:attachment":[{"href":"https:\/\/accentform.com\/de\/wp-json\/wp\/v2\/media?parent=2926"}],"curies":[{"name":"wp","href":"https:\/\/api.w.org\/{rel}","templated":true}]}}