{"id":5671,"date":"2023-07-26T04:34:44","date_gmt":"2023-07-26T04:34:44","guid":{"rendered":"https:\/\/staging.accentform.com\/?page_id=5671"},"modified":"2025-12-01T16:12:41","modified_gmt":"2025-12-01T15:12:41","slug":"jobs-und-ausbildung","status":"publish","type":"page","link":"https:\/\/accentform.com\/de\/home\/jobs-und-ausbildung\/","title":{"rendered":"Jobs &amp; Ausbildung"},"content":{"rendered":"\t\t<div data-elementor-type=\"wp-page\" data-elementor-id=\"5671\" class=\"elementor elementor-5671\" data-elementor-post-type=\"page\">\n\t\t\t\t<div class=\"elementor-element elementor-element-02c4cd7 e-con-full e-flex e-con e-parent\" data-id=\"02c4cd7\" data-element_type=\"container\" data-e-type=\"container\" data-settings=\"{&quot;background_background&quot;:&quot;classic&quot;,&quot;jet_parallax_layout_list&quot;:[]}\">\n\t\t\t\t<div class=\"elementor-element elementor-element-3e76a73 elementor-widget elementor-widget-heading\" data-id=\"3e76a73\" data-element_type=\"widget\" data-e-type=\"widget\" data-widget_type=\"heading.default\">\n\t\t\t\t<div class=\"elementor-widget-container\">\n\t\t\t\t\t<h1 class=\"elementor-heading-title elementor-size-default\">Jobs &amp; Ausbildung<\/h1>\t\t\t\t<\/div>\n\t\t\t\t<\/div>\n\t\t\t\t<\/div>\n\t\t<div class=\"elementor-element elementor-element-100d691 e-con-full e-flex e-con e-parent\" data-id=\"100d691\" data-element_type=\"container\" data-e-type=\"container\" data-settings=\"{&quot;jet_parallax_layout_list&quot;:[]}\">\n\t\t<div class=\"elementor-element elementor-element-b6e152c e-flex e-con-boxed e-con e-child\" data-id=\"b6e152c\" data-element_type=\"container\" data-e-type=\"container\" data-settings=\"{&quot;jet_parallax_layout_list&quot;:[]}\">\n\t\t\t\t\t<div class=\"e-con-inner\">\n\t\t\t\t<div class=\"elementor-element elementor-element-143eaf3 elementor-widget elementor-widget-text-editor\" data-id=\"143eaf3\" data-element_type=\"widget\" data-e-type=\"widget\" data-widget_type=\"text-editor.default\">\n\t\t\t\t<div class=\"elementor-widget-container\">\n\t\t\t\t\t\t\t\t\t<p>Wir sind stets auf der Suche nach engagierten und leistungsorientierten Mitarbeitern. Sie finden hier Informationen \u00fcber Praktika, Ausbildungspl\u00e4tze und Einstiegsm\u00f6glichkeiten bei ACCENTFORM GmbH sowie aktuelle Stellenangebote.<\/p><p><em>Bitte schicken Sie uns Ihre vollst\u00e4ndigen Bewerbungsunterlagen per<a class=\"mail-link\" href=\"mailto:bewerbung@accentform.com\" target=\"_blank\" rel=\"noopener noreferrer\" data-enc-email=\"bewerbung@accentform.com\" data-wpel-link=\"ignore\">\u00a0<strong>E-Mail\u00a0(bewerbung@accentform.com)<\/strong><\/a>\u00a0zu (m\u00f6glichst im PDF-Format, keine ZIP-Dateien).\u00a0<\/em><em>Postalische Unterlagen werden nach dem Bewerbungsverfahren nicht an Sie nicht zur\u00fcckgesendet sondern datenschutzgerecht vernichtet.<\/em><\/p>\t\t\t\t\t\t\t\t<\/div>\n\t\t\t\t<\/div>\n\t\t\t\t<div class=\"elementor-element elementor-element-8eef24b elementor-widget elementor-widget-shortcode\" data-id=\"8eef24b\" data-element_type=\"widget\" data-e-type=\"widget\" data-widget_type=\"shortcode.default\">\n\t\t\t\t<div class=\"elementor-widget-container\">\n\t\t\t\t\t\t\t<div class=\"elementor-shortcode\"><div class=\"job-listing-categories align-left\" role=\"group\" aria-label=\"Filter jobs by category\"><a href=\"https:\/\/accentform.com\/de\/home\/jobs-und-ausbildung\/?job-category=all\" class=\"job-category job-category-all \">Alle<\/a><a href=\"https:\/\/accentform.com\/de\/home\/jobs-und-ausbildung\/?job-category=ausbildungsplaetze\" class=\"job-category job-category-ausbildungsplaetze  \">Ausbildungspl\u00e4tze <span class=\"category\">(6)<\/span><\/a><a href=\"https:\/\/accentform.com\/de\/home\/jobs-und-ausbildung\/?job-category=jobangebote\" class=\"job-category job-category-jobangebote  \">Jobangebote <span class=\"category\">(1)<\/span><\/a><\/div><section class=\"job-listing row clearfix\" aria-label=\"Job listings\"><div class=\"column medium-12 col-md-12\" role=\"list\"><article class=\"job-preview clearfix\" role=\"article\" aria-labelledby=\"job-title-20934\"><div class=\"job-content\"><h5><a href=\"https:\/\/accentform.com\/de\/job\/ausbildung-industriemechaniker\/\" id=\"job-title-20934\" target=\"_self\"><span>AUSBILDUNG: Industriemechaniker (m\/w\/d)<\/span><\/a><\/h5><div class=\"job-additional-information\" aria-label=\"Additional job information\"><span>Nienst\u00e4dt<\/span><\/div><\/div><div class=\"job-cta\"><a href=\"https:\/\/accentform.com\/de\/job\/ausbildung-industriemechaniker\/\" target=\"_self\" class=\"apply-btn local\" aria-label=\"View job: AUSBILDUNG: Industriemechaniker (m\/w\/d)\">Ansehen<\/a><\/div><\/article><article class=\"job-preview clearfix\" role=\"article\" aria-labelledby=\"job-title-15398\"><div class=\"job-content\"><h5><a href=\"https:\/\/accentform.com\/de\/job\/ausbildung-technischer-modellbauer-in\/\" id=\"job-title-15398\" target=\"_self\"><span>AUSBILDUNG - Technischer Modellbauer\/in<\/span><\/a><\/h5><div class=\"job-additional-information\" aria-label=\"Additional job information\"><span>Nienst\u00e4dt<\/span><\/div><\/div><div class=\"job-cta\"><a href=\"https:\/\/accentform.com\/de\/job\/ausbildung-technischer-modellbauer-in\/\" target=\"_self\" class=\"apply-btn local\" aria-label=\"View job: AUSBILDUNG - Technischer Modellbauer\/in\">Ansehen<\/a><\/div><\/article><article class=\"job-preview clearfix\" role=\"article\" aria-labelledby=\"job-title-20928\"><div class=\"job-content\"><h5><a href=\"https:\/\/accentform.com\/de\/job\/ausbildung-maschinen-und-anlagenfuehrer\/\" id=\"job-title-20928\" target=\"_self\"><span>AUSBILDUNG: Technischer Systemplaner\/in<\/span><\/a><\/h5><div class=\"job-additional-information\" aria-label=\"Additional job information\"><span>Nienst\u00e4dt<\/span><\/div><\/div><div class=\"job-cta\"><a href=\"https:\/\/accentform.com\/de\/job\/ausbildung-maschinen-und-anlagenfuehrer\/\" target=\"_self\" class=\"apply-btn local\" aria-label=\"View job: AUSBILDUNG: Technischer Systemplaner\/in\">Ansehen<\/a><\/div><\/article><article class=\"job-preview clearfix\" role=\"article\" aria-labelledby=\"job-title-15892\"><div class=\"job-content\"><h5><a href=\"https:\/\/accentform.com\/de\/job\/produktionshelfer-kunststoffverarbeitung\/\" id=\"job-title-15892\" target=\"_self\"><span>JOB: Produktionshelfer-Kunststoffverarbeitung<\/span><\/a><\/h5><div class=\"job-additional-information\" aria-label=\"Additional job information\"><span>Nienst\u00e4dt<\/span><span class=\"job-preview-details-separator\">, <span><span>Vollzeit<\/span><\/div><\/div><div class=\"job-cta\"><a href=\"https:\/\/accentform.com\/de\/job\/produktionshelfer-kunststoffverarbeitung\/\" target=\"_self\" class=\"apply-btn local\" aria-label=\"View job: JOB: Produktionshelfer-Kunststoffverarbeitung\">Ansehen<\/a><\/div><\/article><article class=\"job-preview clearfix\" role=\"article\" aria-labelledby=\"job-title-18008\"><div class=\"job-content\"><h5><a href=\"https:\/\/accentform.com\/de\/job\/maschinen-anlagenfuehrer-ausbildung\/\" id=\"job-title-18008\" target=\"_self\"><span>AUSBILDUNG: Maschinen-und Anlagenf\u00fchrer (m\/w\/d) (o. Angabe des Schwerpunkts)<\/span><\/a><\/h5><div class=\"job-additional-information\" aria-label=\"Additional job information\"><span>Nienst\u00e4dt<\/span><\/div><\/div><div class=\"job-cta\"><a href=\"https:\/\/accentform.com\/de\/job\/maschinen-anlagenfuehrer-ausbildung\/\" target=\"_self\" class=\"apply-btn local\" aria-label=\"View job: AUSBILDUNG: Maschinen-und Anlagenf\u00fchrer (m\/w\/d) (o. Angabe des Schwerpunkts)\">Ansehen<\/a><\/div><\/article><article class=\"job-preview clearfix\" role=\"article\" aria-labelledby=\"job-title-13322\"><div class=\"job-content\"><h5><a href=\"https:\/\/accentform.com\/de\/job\/ausbildung-kunststoff-kautschuktechnologer-in-fuer-kunststoff-und-kautschuktechnik-fachrichtung-bauteile\/\" id=\"job-title-13322\" target=\"_self\"><span>AUSBILDUNG: Kunststoff- und Kautschuktechnologe (m\/w\/d)<\/span><\/a><\/h5><div class=\"job-additional-information\" aria-label=\"Additional job information\"><span>Nienst\u00e4dt<\/span><\/div><\/div><div class=\"job-cta\"><a href=\"https:\/\/accentform.com\/de\/job\/ausbildung-kunststoff-kautschuktechnologer-in-fuer-kunststoff-und-kautschuktechnik-fachrichtung-bauteile\/\" target=\"_self\" class=\"apply-btn local\" aria-label=\"View job: AUSBILDUNG: Kunststoff- und Kautschuktechnologe (m\/w\/d)\">Ansehen<\/a><\/div><\/article><article class=\"job-preview clearfix\" role=\"article\" aria-labelledby=\"job-title-13312\"><div class=\"job-content\"><h5><a href=\"https:\/\/accentform.com\/de\/job\/ausbildung-industriekaufmann-frau\/\" id=\"job-title-13312\" target=\"_self\"><span>AUSBILDUNG: Industriekaufmann\/-Frau<\/span><\/a><\/h5><div class=\"job-additional-information\" aria-label=\"Additional job information\"><span>Nienst\u00e4dt<\/span><\/div><\/div><div class=\"job-cta\"><a href=\"https:\/\/accentform.com\/de\/job\/ausbildung-industriekaufmann-frau\/\" target=\"_self\" class=\"apply-btn local\" aria-label=\"View job: AUSBILDUNG: Industriekaufmann\/-Frau\">Ansehen<\/a><\/div><\/article><\/div><\/section>\n\n<\/div>\n\t\t\t\t\t\t<\/div>\n\t\t\t\t<\/div>\n\t\t\t\t\t<\/div>\n\t\t\t\t<\/div>\n\t\t\t\t<\/div>\n\t\t\t\t<\/div>\n\t\t","protected":false},"excerpt":{"rendered":"<p>Wir sind stets auf der Suche nach engagierten und leistungsorientierten Mitarbeitern. Sie finden hier Informationen \u00fcber Praktika, Ausbildungspl\u00e4tze und Einstiegsm\u00f6glichkeiten bei ACCENTFORM GmbH sowie aktuelle Stellenangebote. Bitte schicken Sie uns Ihre vollst\u00e4ndigen Bewerbungsunterlagen per\u00a0E-Mail\u00a0(bewerbung@accentform.com)\u00a0zu (m\u00f6glichst im PDF-Format, keine ZIP-Dateien).\u00a0Postalische Unterlagen werden nach dem Bewerbungsverfahren nicht an Sie nicht zur\u00fcckgesendet sondern datenschutzgerecht vernichtet.<\/p>\n","protected":false},"author":2,"featured_media":0,"parent":2222,"menu_order":0,"comment_status":"closed","ping_status":"closed","template":"elementor_header_footer","meta":{"om_disable_all_campaigns":false,"_monsterinsights_skip_tracking":false,"_monsterinsights_sitenote_active":false,"_monsterinsights_sitenote_note":"","_monsterinsights_sitenote_category":0,"_uf_show_specific_survey":0,"_uf_disable_surveys":false,"footnotes":""},"class_list":["post-5671","page","type-page","status-publish","hentry"],"blocksy_meta":[],"yoast_head":"<!-- This site is optimized with the Yoast SEO plugin v27.4 - https:\/\/yoast.com\/product\/yoast-seo-wordpress\/ -->\n<title>Jobs &amp; Ausbildung - ACCENTFORM<\/title>\n<meta name=\"robots\" content=\"index, follow, max-snippet:-1, max-image-preview:large, max-video-preview:-1\" \/>\n<link rel=\"canonical\" href=\"https:\/\/accentform.com\/de\/home\/jobs-und-ausbildung\/\" \/>\n<meta property=\"og:locale\" content=\"de_DE\" \/>\n<meta property=\"og:type\" content=\"article\" \/>\n<meta property=\"og:title\" content=\"Jobs &amp; Ausbildung - ACCENTFORM\" \/>\n<meta property=\"og:description\" content=\"Wir sind stets auf der Suche nach engagierten und leistungsorientierten Mitarbeitern. Sie finden hier Informationen \u00fcber Praktika, Ausbildungspl\u00e4tze und Einstiegsm\u00f6glichkeiten bei ACCENTFORM GmbH sowie aktuelle Stellenangebote. Bitte schicken Sie uns Ihre vollst\u00e4ndigen Bewerbungsunterlagen per\u00a0E-Mail\u00a0(bewerbung@accentform.com)\u00a0zu (m\u00f6glichst im PDF-Format, keine ZIP-Dateien).\u00a0Postalische Unterlagen werden nach dem Bewerbungsverfahren nicht an Sie nicht zur\u00fcckgesendet sondern datenschutzgerecht vernichtet.\" \/>\n<meta property=\"og:url\" content=\"https:\/\/accentform.com\/de\/home\/jobs-und-ausbildung\/\" \/>\n<meta property=\"og:site_name\" content=\"ACCENTFORM\" \/>\n<meta property=\"article:modified_time\" content=\"2025-12-01T15:12:41+00:00\" \/>\n<meta name=\"twitter:card\" content=\"summary_large_image\" \/>\n<meta name=\"twitter:label1\" content=\"Gesch\u00e4tzte Lesezeit\" \/>\n\t<meta name=\"twitter:data1\" content=\"1\u00a0Minute\" \/>\n<!-- \/ Yoast SEO plugin. -->","yoast_head_json":{"title":"Jobs &amp; Ausbildung - ACCENTFORM","robots":{"index":"index","follow":"follow","max-snippet":"max-snippet:-1","max-image-preview":"max-image-preview:large","max-video-preview":"max-video-preview:-1"},"canonical":"https:\/\/accentform.com\/de\/home\/jobs-und-ausbildung\/","og_locale":"de_DE","og_type":"article","og_title":"Jobs &amp; Ausbildung - ACCENTFORM","og_description":"Wir sind stets auf der Suche nach engagierten und leistungsorientierten Mitarbeitern. Sie finden hier Informationen \u00fcber Praktika, Ausbildungspl\u00e4tze und Einstiegsm\u00f6glichkeiten bei ACCENTFORM GmbH sowie aktuelle Stellenangebote. Bitte schicken Sie uns Ihre vollst\u00e4ndigen Bewerbungsunterlagen per\u00a0E-Mail\u00a0(bewerbung@accentform.com)\u00a0zu (m\u00f6glichst im PDF-Format, keine ZIP-Dateien).\u00a0Postalische Unterlagen werden nach dem Bewerbungsverfahren nicht an Sie nicht zur\u00fcckgesendet sondern datenschutzgerecht vernichtet.","og_url":"https:\/\/accentform.com\/de\/home\/jobs-und-ausbildung\/","og_site_name":"ACCENTFORM","article_modified_time":"2025-12-01T15:12:41+00:00","twitter_card":"summary_large_image","twitter_misc":{"Gesch\u00e4tzte Lesezeit":"1\u00a0Minute"},"schema":{"@context":"https:\/\/schema.org","@graph":[{"@type":"WebPage","@id":"https:\/\/accentform.com\/de\/home\/jobs-und-ausbildung\/","url":"https:\/\/accentform.com\/de\/home\/jobs-und-ausbildung\/","name":"Jobs &amp; Ausbildung - ACCENTFORM","isPartOf":{"@id":"https:\/\/accentform.com\/de\/#website"},"datePublished":"2023-07-26T04:34:44+00:00","dateModified":"2025-12-01T15:12:41+00:00","breadcrumb":{"@id":"https:\/\/accentform.com\/de\/home\/jobs-und-ausbildung\/#breadcrumb"},"inLanguage":"de","potentialAction":[{"@type":"ReadAction","target":["https:\/\/accentform.com\/de\/home\/jobs-und-ausbildung\/"]}]},{"@type":"BreadcrumbList","@id":"https:\/\/accentform.com\/de\/home\/jobs-und-ausbildung\/#breadcrumb","itemListElement":[{"@type":"ListItem","position":1,"name":"Home","item":"https:\/\/accentform.com\/de\/"},{"@type":"ListItem","position":2,"name":"Home","item":"https:\/\/accentform.com\/de\/"},{"@type":"ListItem","position":3,"name":"Jobs &amp; Ausbildung"}]},{"@type":"WebSite","@id":"https:\/\/accentform.com\/de\/#website","url":"https:\/\/accentform.com\/de\/","name":"ACCENTFORM","description":"","publisher":{"@id":"https:\/\/accentform.com\/de\/#organization"},"potentialAction":[{"@type":"SearchAction","target":{"@type":"EntryPoint","urlTemplate":"https:\/\/accentform.com\/de\/?s={search_term_string}"},"query-input":{"@type":"PropertyValueSpecification","valueRequired":true,"valueName":"search_term_string"}}],"inLanguage":"de"},{"@type":"Organization","@id":"https:\/\/accentform.com\/de\/#organization","name":"ACCENTFORM","url":"https:\/\/accentform.com\/de\/","logo":{"@type":"ImageObject","inLanguage":"de","@id":"https:\/\/accentform.com\/de\/#\/schema\/logo\/image\/","url":"https:\/\/accentform.com\/wp-content\/uploads\/2023\/06\/Logo500px.png","contentUrl":"https:\/\/accentform.com\/wp-content\/uploads\/2023\/06\/Logo500px.png","width":500,"height":44,"caption":"ACCENTFORM"},"image":{"@id":"https:\/\/accentform.com\/de\/#\/schema\/logo\/image\/"}}]}},"_links":{"self":[{"href":"https:\/\/accentform.com\/de\/wp-json\/wp\/v2\/pages\/5671","targetHints":{"allow":["GET"]}}],"collection":[{"href":"https:\/\/accentform.com\/de\/wp-json\/wp\/v2\/pages"}],"about":[{"href":"https:\/\/accentform.com\/de\/wp-json\/wp\/v2\/types\/page"}],"author":[{"embeddable":true,"href":"https:\/\/accentform.com\/de\/wp-json\/wp\/v2\/users\/2"}],"replies":[{"embeddable":true,"href":"https:\/\/accentform.com\/de\/wp-json\/wp\/v2\/comments?post=5671"}],"version-history":[{"count":9,"href":"https:\/\/accentform.com\/de\/wp-json\/wp\/v2\/pages\/5671\/revisions"}],"predecessor-version":[{"id":20916,"href":"https:\/\/accentform.com\/de\/wp-json\/wp\/v2\/pages\/5671\/revisions\/20916"}],"up":[{"embeddable":true,"href":"https:\/\/accentform.com\/de\/wp-json\/wp\/v2\/pages\/2222"}],"wp:attachment":[{"href":"https:\/\/accentform.com\/de\/wp-json\/wp\/v2\/media?parent=5671"}],"curies":[{"name":"wp","href":"https:\/\/api.w.org\/{rel}","templated":true}]}}