{"id":5674,"date":"2023-07-26T04:35:31","date_gmt":"2023-07-26T04:35:31","guid":{"rendered":"https:\/\/staging.accentform.com\/?page_id=5674"},"modified":"2024-05-06T12:36:20","modified_gmt":"2024-05-06T10:36:20","slug":"verhaltenskodex","status":"publish","type":"page","link":"https:\/\/accentform.com\/de\/home\/verhaltenskodex\/","title":{"rendered":"Verhaltenskodex"},"content":{"rendered":"\t\t<div data-elementor-type=\"wp-page\" data-elementor-id=\"5674\" class=\"elementor elementor-5674\" data-elementor-post-type=\"page\">\n\t\t\t\t<div class=\"elementor-element elementor-element-8be7236 e-con-full e-flex e-con e-parent\" data-id=\"8be7236\" data-element_type=\"container\" data-e-type=\"container\" data-settings=\"{&quot;background_background&quot;:&quot;classic&quot;,&quot;jet_parallax_layout_list&quot;:[]}\">\n\t\t\t\t<div class=\"elementor-element elementor-element-82a54de elementor-widget elementor-widget-heading\" data-id=\"82a54de\" data-element_type=\"widget\" data-e-type=\"widget\" data-widget_type=\"heading.default\">\n\t\t\t\t<div class=\"elementor-widget-container\">\n\t\t\t\t\t<h2 class=\"elementor-heading-title elementor-size-default\">Verhaltenskodex<\/h2>\t\t\t\t<\/div>\n\t\t\t\t<\/div>\n\t\t\t\t<\/div>\n\t\t<div class=\"elementor-element elementor-element-c394da0 e-flex e-con-boxed e-con e-parent\" data-id=\"c394da0\" data-element_type=\"container\" data-e-type=\"container\" data-settings=\"{&quot;jet_parallax_layout_list&quot;:[]}\">\n\t\t\t\t\t<div class=\"e-con-inner\">\n\t\t<div class=\"elementor-element elementor-element-cef2a3e e-con-full e-flex e-con e-child\" data-id=\"cef2a3e\" data-element_type=\"container\" data-e-type=\"container\" data-settings=\"{&quot;jet_parallax_layout_list&quot;:[]}\">\n\t\t<div class=\"elementor-element elementor-element-f2d51bf e-con-full e-flex e-con e-child\" data-id=\"f2d51bf\" data-element_type=\"container\" data-e-type=\"container\" data-settings=\"{&quot;jet_parallax_layout_list&quot;:[]}\">\n\t\t\t\t<div class=\"elementor-element elementor-element-82f4cf5 elementor-widget elementor-widget-icon-box\" data-id=\"82f4cf5\" data-element_type=\"widget\" data-e-type=\"widget\" data-widget_type=\"icon-box.default\">\n\t\t\t\t<div class=\"elementor-widget-container\">\n\t\t\t\t\t\t\t<div class=\"elementor-icon-box-wrapper\">\n\n\t\t\t\n\t\t\t\t\t\t<div class=\"elementor-icon-box-content\">\n\n\t\t\t\t\t\t\t\t\t<h3 class=\"elementor-icon-box-title\">\n\t\t\t\t\t\t<span  >\n\t\t\t\t\t\t\tVERHALTENSKODEX VON ACCENTFORM GMBH\t\t\t\t\t\t<\/span>\n\t\t\t\t\t<\/h3>\n\t\t\t\t\n\t\t\t\t\t\t\t\t\t<p class=\"elementor-icon-box-description\">\n\t\t\t\t\t\tACCENTFORM GmbH erfreut sich allgemein eines hohen Ansehens in Bezug auf ihre unternehmerische Vertrauensw\u00fcrdigkeit. Dies verdanken wir der Tatsache, dass wir all unsere Gesch\u00e4ftst\u00e4tigkeiten stets fest mit unserer Integrit\u00e4t verkn\u00fcpfen. Das hei\u00dft: Bei s\u00e4mtlichen Handlungen werden alle Gesetze und Regeln stets von uns eingehalten. Die Unternehmenswerte und das damit verbundene Engagement f\u00fcr zukunftsf\u00e4hige Entwicklungen von ACCENTFORM charakterisieren unsere Firmenpolitik, all unsere Entscheidungen und Aktivit\u00e4ten. Sie werden fortw\u00e4hrend von uns reflektiert, vermittelt und gelebt.\t\t\t\t\t<\/p>\n\t\t\t\t\n\t\t\t<\/div>\n\t\t\t\n\t\t<\/div>\n\t\t\t\t\t\t<\/div>\n\t\t\t\t<\/div>\n\t\t\t\t<div class=\"elementor-element elementor-element-51ae193 elementor-widget elementor-widget-icon-box\" data-id=\"51ae193\" data-element_type=\"widget\" data-e-type=\"widget\" data-widget_type=\"icon-box.default\">\n\t\t\t\t<div class=\"elementor-widget-container\">\n\t\t\t\t\t\t\t<div class=\"elementor-icon-box-wrapper\">\n\n\t\t\t\n\t\t\t\t\t\t<div class=\"elementor-icon-box-content\">\n\n\t\t\t\t\t\t\t\t\t<h3 class=\"elementor-icon-box-title\">\n\t\t\t\t\t\t<span  >\n\t\t\t\t\t\t\tANWENDUNGSBEREICH\t\t\t\t\t\t<\/span>\n\t\t\t\t\t<\/h3>\n\t\t\t\t\n\t\t\t\t\t\t\t\t\t<p class=\"elementor-icon-box-description\">\n\t\t\t\t\t\tDer Verhaltenskodex von ACCENTFORM wurde mit einem einzigen Ziel entwickelt: Wir wollen die Grunds\u00e4tze klar zum Ausdruck bringen, nach denen die ACCENTFORM sein Verh\u00e4ltnis zu Mitarbeitern, und Gesch\u00e4ftspartnern pflegt. Sie gelten f\u00fcr uns alle gleicherma\u00dfen \u2013 sowohl f\u00fcr das Management als auch f\u00fcr alle Mitarbeiter innerhalb von ACCENTFORM. Wir sind stets bestrebt, dass diese Grunds\u00e4tze auch von unseren Zulieferern, Beratern und sonstigen Gesch\u00e4ftspartnern anerkannt werden.\t\t\t\t\t<\/p>\n\t\t\t\t\n\t\t\t<\/div>\n\t\t\t\n\t\t<\/div>\n\t\t\t\t\t\t<\/div>\n\t\t\t\t<\/div>\n\t\t\t\t<div class=\"elementor-element elementor-element-0cea046 elementor-widget elementor-widget-heading\" data-id=\"0cea046\" data-element_type=\"widget\" data-e-type=\"widget\" data-widget_type=\"heading.default\">\n\t\t\t\t<div class=\"elementor-widget-container\">\n\t\t\t\t\t<h2 class=\"elementor-heading-title elementor-size-default\">GESCH\u00c4FTSPRINZIPIEN\n<\/h2>\t\t\t\t<\/div>\n\t\t\t\t<\/div>\n\t\t\t\t<div class=\"elementor-element elementor-element-02a305a elementor-widget elementor-widget-icon-box\" data-id=\"02a305a\" data-element_type=\"widget\" data-e-type=\"widget\" data-widget_type=\"icon-box.default\">\n\t\t\t\t<div class=\"elementor-widget-container\">\n\t\t\t\t\t\t\t<div class=\"elementor-icon-box-wrapper\">\n\n\t\t\t\n\t\t\t\t\t\t<div class=\"elementor-icon-box-content\">\n\n\t\t\t\t\t\t\t\t\t<h3 class=\"elementor-icon-box-title\">\n\t\t\t\t\t\t<span  >\n\t\t\t\t\t\t\tGESETZESTREUE\t\t\t\t\t\t<\/span>\n\t\t\t\t\t<\/h3>\n\t\t\t\t\n\t\t\t\t\t\t\t\t\t<p class=\"elementor-icon-box-description\">\n\t\t\t\t\t\tACCENTFORM soll sich in jedem Land, in dem es t\u00e4tig wird, an die dort geltenden Gesetze halten. In Situationen, bei denen keine gesetzlichen Regelungen vorliegen, wird sich jeder von uns in seinem Verhalten an denen unserer Unternehmenswerte und der Kultur ausrichten. In den F\u00e4llen, in denen ein Konflikt zwischen den geltenden Gesetzen und den Grunds\u00e4tzen dieses Verhaltenskodex vorliegt, hat das jeweils geltende Recht Vorrang.\t\t\t\t\t<\/p>\n\t\t\t\t\n\t\t\t<\/div>\n\t\t\t\n\t\t<\/div>\n\t\t\t\t\t\t<\/div>\n\t\t\t\t<\/div>\n\t\t\t\t<div class=\"elementor-element elementor-element-2ba4429 elementor-widget elementor-widget-icon-box\" data-id=\"2ba4429\" data-element_type=\"widget\" data-e-type=\"widget\" data-widget_type=\"icon-box.default\">\n\t\t\t\t<div class=\"elementor-widget-container\">\n\t\t\t\t\t\t\t<div class=\"elementor-icon-box-wrapper\">\n\n\t\t\t\n\t\t\t\t\t\t<div class=\"elementor-icon-box-content\">\n\n\t\t\t\t\t\t\t\t\t<h3 class=\"elementor-icon-box-title\">\n\t\t\t\t\t\t<span  >\n\t\t\t\t\t\t\tDAS VERH\u00c4LTNIS ZU GESCH\u00c4FTSPARTNERN\t\t\t\t\t\t<\/span>\n\t\t\t\t\t<\/h3>\n\t\t\t\t\n\t\t\t\t\t\t\t\t\t<p class=\"elementor-icon-box-description\">\n\t\t\t\t\t\tDie Gesch\u00e4ftsbeziehungen zwischen ACCENTform und seinen Gesch\u00e4ftspartnern soll von Fairness gepr\u00e4gt sein. Wir d\u00fcrfen Kunden, potenziellen Kunden, Beh\u00f6rden, beh\u00f6rdlichen Einrichtungen oder sonstigen Vertretern derartiger Einrichtungen keine Belohnungen oder Vorteile anbieten, die im Gegensatz zum geltenden Recht oder der guten Gesch\u00e4ftssitte stehen.\n<br>\nUnsere Mitarbeiter d\u00fcrfen keine Zahlungen, Geschenke oder sonstige Verg\u00fctungen von Dritten annehmen, die dazu f\u00fchren k\u00f6nnten, dass die Objektivit\u00e4t der Entscheidungen dadurch als zweifelhaft angesehen werden k\u00f6nnte.\n\n\t\t\t\t\t<\/p>\n\t\t\t\t\n\t\t\t<\/div>\n\t\t\t\n\t\t<\/div>\n\t\t\t\t\t\t<\/div>\n\t\t\t\t<\/div>\n\t\t\t\t<div class=\"elementor-element elementor-element-2cb368c elementor-widget elementor-widget-icon-box\" data-id=\"2cb368c\" data-element_type=\"widget\" data-e-type=\"widget\" data-widget_type=\"icon-box.default\">\n\t\t\t\t<div class=\"elementor-widget-container\">\n\t\t\t\t\t\t\t<div class=\"elementor-icon-box-wrapper\">\n\n\t\t\t\n\t\t\t\t\t\t<div class=\"elementor-icon-box-content\">\n\n\t\t\t\t\t\t\t\t\t<h3 class=\"elementor-icon-box-title\">\n\t\t\t\t\t\t<span  >\n\t\t\t\t\t\t\tRECHNUNGSLEGUNG UND BERICHTERSTATTUNG\t\t\t\t\t\t<\/span>\n\t\t\t\t\t<\/h3>\n\t\t\t\t\n\t\t\t\t\t\t\t\t\t<p class=\"elementor-icon-box-description\">\n\t\t\t\t\t\tAlle finanziellen Transaktionen von ACCENTform m\u00fcssen in \u00dcbereinstimmung mit den allgemein g\u00fcltigen Grunds\u00e4tzen der Buchf\u00fchrung dokumentiert werden. Dabei m\u00fcssen s\u00e4mtliche Buchungen mit einer klaren, eindeutigen, nicht irref\u00fchrenden Bezeichnung \u00fcber den Inhalt der Transaktion versehen sein. ACCENTFORM verpflichtet sich zu einer offenen, ehrlichen, sachdienlichen, ausf\u00fchrlichen und zeitnahen Auskunftserteilung.\n\n\t\t\t\t\t<\/p>\n\t\t\t\t\n\t\t\t<\/div>\n\t\t\t\n\t\t<\/div>\n\t\t\t\t\t\t<\/div>\n\t\t\t\t<\/div>\n\t\t\t\t<div class=\"elementor-element elementor-element-d6dcab1 elementor-widget elementor-widget-icon-box\" data-id=\"d6dcab1\" data-element_type=\"widget\" data-e-type=\"widget\" data-widget_type=\"icon-box.default\">\n\t\t\t\t<div class=\"elementor-widget-container\">\n\t\t\t\t\t\t\t<div class=\"elementor-icon-box-wrapper\">\n\n\t\t\t\n\t\t\t\t\t\t<div class=\"elementor-icon-box-content\">\n\n\t\t\t\t\t\t\t\t\t<h3 class=\"elementor-icon-box-title\">\n\t\t\t\t\t\t<span  >\n\t\t\t\t\t\t\tINTERESSENKONFLIKTE\t\t\t\t\t\t<\/span>\n\t\t\t\t\t<\/h3>\n\t\t\t\t\n\t\t\t\t\t\t\t\t\t<p class=\"elementor-icon-box-description\">\n\t\t\t\t\t\tManagement und Mitarbeiter sind verpflichtet ihren privaten und sonstigen externen Aktivit\u00e4ten sowie finanziellen Interessen in einer Art und Weise nachzugehen, die nicht mit den Interessen des Unternehmes in Konflikt stehen oder zu Konflikten Anlass geben k\u00f6nnten. Sollte ein derartiger Interessenkonflikt eintreten, hat die betroffene Person, dies sofort an ihren Vorgesetzten zu melden.\n\n\n\t\t\t\t\t<\/p>\n\t\t\t\t\n\t\t\t<\/div>\n\t\t\t\n\t\t<\/div>\n\t\t\t\t\t\t<\/div>\n\t\t\t\t<\/div>\n\t\t\t\t<div class=\"elementor-element elementor-element-79771be elementor-widget elementor-widget-icon-box\" data-id=\"79771be\" data-element_type=\"widget\" data-e-type=\"widget\" data-widget_type=\"icon-box.default\">\n\t\t\t\t<div class=\"elementor-widget-container\">\n\t\t\t\t\t\t\t<div class=\"elementor-icon-box-wrapper\">\n\n\t\t\t\n\t\t\t\t\t\t<div class=\"elementor-icon-box-content\">\n\n\t\t\t\t\t\t\t\t\t<h3 class=\"elementor-icon-box-title\">\n\t\t\t\t\t\t<span  >\n\t\t\t\t\t\t\tPOLITISCHE BETEILIGUNG\t\t\t\t\t\t<\/span>\n\t\t\t\t\t<\/h3>\n\t\t\t\t\n\t\t\t\t\t\t\t\t\t<p class=\"elementor-icon-box-description\">\n\t\t\t\t\t\tACCENTFORM verh\u00e4lt sich neutral gegen\u00fcber politischen Parteien und Kandidaten. Weder der Name noch Gelder von ACCENTFORM sind zu verwenden, um die Interessen politischer Parteien oder Kandidaten zu f\u00f6rdern bzw. zu unterst\u00fctzen.\n\n\n\n\t\t\t\t\t<\/p>\n\t\t\t\t\n\t\t\t<\/div>\n\t\t\t\n\t\t<\/div>\n\t\t\t\t\t\t<\/div>\n\t\t\t\t<\/div>\n\t\t\t\t<div class=\"elementor-element elementor-element-e937529 elementor-widget elementor-widget-heading\" data-id=\"e937529\" data-element_type=\"widget\" data-e-type=\"widget\" data-widget_type=\"heading.default\">\n\t\t\t\t<div class=\"elementor-widget-container\">\n\t\t\t\t\t<h2 class=\"elementor-heading-title elementor-size-default\">GRUNDS\u00c4TZE DES UMWELTBEWUSSTSEINS\n<\/h2>\t\t\t\t<\/div>\n\t\t\t\t<\/div>\n\t\t\t\t<div class=\"elementor-element elementor-element-e854dda elementor-widget elementor-widget-icon-box\" data-id=\"e854dda\" data-element_type=\"widget\" data-e-type=\"widget\" data-widget_type=\"icon-box.default\">\n\t\t\t\t<div class=\"elementor-widget-container\">\n\t\t\t\t\t\t\t<div class=\"elementor-icon-box-wrapper\">\n\n\t\t\t\n\t\t\t\t\t\t<div class=\"elementor-icon-box-content\">\n\n\t\t\t\t\t\t\t\t\t<h3 class=\"elementor-icon-box-title\">\n\t\t\t\t\t\t<span  >\n\t\t\t\t\t\t\tRESSOURCEN-EFFIZIENZ\t\t\t\t\t\t<\/span>\n\t\t\t\t\t<\/h3>\n\t\t\t\t\n\t\t\t\t\t\t\t\t\t<p class=\"elementor-icon-box-description\">\n\t\t\t\t\t\tDie Produkte und Prozesse von ACCENTFORM sind so ausgelegt, dass die Energie und Rohmaterialien effizient genutzt und Abf\u00e4lle sowie R\u00fcckst\u00e4nde in Bezug auf die gesamte Lebensdauer eines Produktes minimiert werden.\n\t\t\t\t\t<\/p>\n\t\t\t\t\n\t\t\t<\/div>\n\t\t\t\n\t\t<\/div>\n\t\t\t\t\t\t<\/div>\n\t\t\t\t<\/div>\n\t\t\t\t<div class=\"elementor-element elementor-element-6eca77b elementor-widget elementor-widget-icon-box\" data-id=\"6eca77b\" data-element_type=\"widget\" data-e-type=\"widget\" data-widget_type=\"icon-box.default\">\n\t\t\t\t<div class=\"elementor-widget-container\">\n\t\t\t\t\t\t\t<div class=\"elementor-icon-box-wrapper\">\n\n\t\t\t\n\t\t\t\t\t\t<div class=\"elementor-icon-box-content\">\n\n\t\t\t\t\t\t\t\t\t<h3 class=\"elementor-icon-box-title\">\n\t\t\t\t\t\t<span  >\n\t\t\t\t\t\t\tGRUNDS\u00c4TZE DER UMWELTVORSORGE\t\t\t\t\t\t<\/span>\n\t\t\t\t\t<\/h3>\n\t\t\t\t\n\t\t\t\t\t\t\t\t\t<p class=\"elementor-icon-box-description\">\n\t\t\t\t\t\tWir f\u00fchlen uns der Umwelt verpflichtet und unterst\u00fctzten die Grunds\u00e4tze zur Umweltvorsorge, indem der Einsatz von umwelt- und gesundheitssch\u00e4dlichen Materialien und Verfahren vermieden wird, wenn Alternativen zur Verf\u00fcgung stehen.\t\t\t\t\t<\/p>\n\t\t\t\t\n\t\t\t<\/div>\n\t\t\t\n\t\t<\/div>\n\t\t\t\t\t\t<\/div>\n\t\t\t\t<\/div>\n\t\t\t\t<div class=\"elementor-element elementor-element-56647b8 elementor-widget elementor-widget-icon-box\" data-id=\"56647b8\" data-element_type=\"widget\" data-e-type=\"widget\" data-widget_type=\"icon-box.default\">\n\t\t\t\t<div class=\"elementor-widget-container\">\n\t\t\t\t\t\t\t<div class=\"elementor-icon-box-wrapper\">\n\n\t\t\t\n\t\t\t\t\t\t<div class=\"elementor-icon-box-content\">\n\n\t\t\t\t\t\t\t\t\t<h3 class=\"elementor-icon-box-title\">\n\t\t\t\t\t\t<span  >\n\t\t\t\t\t\t\tUMWELTBILANZ\t\t\t\t\t\t<\/span>\n\t\t\t\t\t<\/h3>\n\t\t\t\t\n\t\t\t\t\t\t\t\t\t<p class=\"elementor-icon-box-description\">\n\t\t\t\t\t\tACCENTFORM arbeiten nach der Umweltnorm ISO 14001:2004. In diesem Zuge stellen wir alle zwei Jahre eine Umweltbilanz auf. Wir \u00fcberpr\u00fcfen und berichten \u00fcber diese mit besonderem Hinblick auf die darin enthaltenen potenziellen Gefahren aktueller und zuk\u00fcnftiger Produkte und Verfahren.\n\n\t\t\t\t\t<\/p>\n\t\t\t\t\n\t\t\t<\/div>\n\t\t\t\n\t\t<\/div>\n\t\t\t\t\t\t<\/div>\n\t\t\t\t<\/div>\n\t\t\t\t<div class=\"elementor-element elementor-element-d8e6f90 elementor-widget elementor-widget-heading\" data-id=\"d8e6f90\" data-element_type=\"widget\" data-e-type=\"widget\" data-widget_type=\"heading.default\">\n\t\t\t\t<div class=\"elementor-widget-container\">\n\t\t\t\t\t<h2 class=\"elementor-heading-title elementor-size-default\">MENSCHENRECHTE UND ARBEITSBEDINGUNGEN<\/h2>\t\t\t\t<\/div>\n\t\t\t\t<\/div>\n\t\t\t\t<div class=\"elementor-element elementor-element-93e8616 elementor-widget elementor-widget-icon-box\" data-id=\"93e8616\" data-element_type=\"widget\" data-e-type=\"widget\" data-widget_type=\"icon-box.default\">\n\t\t\t\t<div class=\"elementor-widget-container\">\n\t\t\t\t\t\t\t<div class=\"elementor-icon-box-wrapper\">\n\n\t\t\t\n\t\t\t\t\t\t<div class=\"elementor-icon-box-content\">\n\n\t\t\t\t\t\t\t\t\t<h3 class=\"elementor-icon-box-title\">\n\t\t\t\t\t\t<span  >\n\t\t\t\t\t\t\tMENSCHENRECHTE\t\t\t\t\t\t<\/span>\n\t\t\t\t\t<\/h3>\n\t\t\t\t\n\t\t\t\t\t\t\t\t\t<p class=\"elementor-icon-box-description\">\n\t\t\t\t\t\tACCENTFORM respektiert die international geltenden Menschenrechte. Wir sichern zu, sie zu unterst\u00fctzen \u2013 insofern wir Einfluss nehmen k\u00f6nnen \u2013 und, dass wir uns in keiner Form an Menschenrechtsverletzungen beteiligen.\n\n\n\t\t\t\t\t<\/p>\n\t\t\t\t\n\t\t\t<\/div>\n\t\t\t\n\t\t<\/div>\n\t\t\t\t\t\t<\/div>\n\t\t\t\t<\/div>\n\t\t\t\t<div class=\"elementor-element elementor-element-f05cf8b elementor-widget elementor-widget-icon-box\" data-id=\"f05cf8b\" data-element_type=\"widget\" data-e-type=\"widget\" data-widget_type=\"icon-box.default\">\n\t\t\t\t<div class=\"elementor-widget-container\">\n\t\t\t\t\t\t\t<div class=\"elementor-icon-box-wrapper\">\n\n\t\t\t\n\t\t\t\t\t\t<div class=\"elementor-icon-box-content\">\n\n\t\t\t\t\t\t\t\t\t<h3 class=\"elementor-icon-box-title\">\n\t\t\t\t\t\t<span  >\n\t\t\t\t\t\t\tANTI-DISKRIMINIERUNG\t\t\t\t\t\t<\/span>\n\t\t\t\t\t<\/h3>\n\t\t\t\t\n\t\t\t\t\t\t\t\t\t<p class=\"elementor-icon-box-description\">\n\t\t\t\t\t\tWir rekrutieren und behandeln unsere Mitarbeiter in einer Form, die weder in Bezug auf Geschlecht, Rasse, Religion, Alter, Behinderung, sexueller Orientierung, Nationalit\u00e4t, politischer Meinung, Gewerkschaftszugeh\u00f6rigkeit, sozialer oder ethnischer Herkunft diskriminierend ist. Dabei werden abwechslungsreiche Arbeitsbedingungen auf allen Ebenen angestrebt. Arbeitskraft Es wird keine Form von Zwangs- oder Kinderarbeit innerhalb der ACCENT Unternehmen toleriert. Das Mindestalter f\u00fcr eine Besch\u00e4ftigung innerhalb der Unternehmen wird durch die Beendigung der Schulpflicht bestimmt. Die freie Gewerkschaftszugeh\u00f6rigkeit sowie das Recht auf Tarifverhandlungen und -Abkommen ist zu respektieren.\n\n\n\n\t\t\t\t\t<\/p>\n\t\t\t\t\n\t\t\t<\/div>\n\t\t\t\n\t\t<\/div>\n\t\t\t\t\t\t<\/div>\n\t\t\t\t<\/div>\n\t\t\t\t<div class=\"elementor-element elementor-element-75141d0 elementor-widget elementor-widget-icon-box\" data-id=\"75141d0\" data-element_type=\"widget\" data-e-type=\"widget\" data-widget_type=\"icon-box.default\">\n\t\t\t\t<div class=\"elementor-widget-container\">\n\t\t\t\t\t\t\t<div class=\"elementor-icon-box-wrapper\">\n\n\t\t\t\n\t\t\t\t\t\t<div class=\"elementor-icon-box-content\">\n\n\t\t\t\t\t\t\t\t\t<h3 class=\"elementor-icon-box-title\">\n\t\t\t\t\t\t<span  >\n\t\t\t\t\t\t\tARBEITSBEDINGUNGEN\t\t\t\t\t\t<\/span>\n\t\t\t\t\t<\/h3>\n\t\t\t\t\n\t\t\t\t\t\t\t\t\t<p class=\"elementor-icon-box-description\">\n\t\t\t\t\t\tF\u00fcr alle Mitarbeiter von ACCENTFORM sollen die notwendigen Bedingungen f\u00fcr die Gestaltung eines sicheren und nicht gesundheitssch\u00e4dlichen Arbeitsumfeldes geschaffen werden.\n\n\n\n\n\t\t\t\t\t<\/p>\n\t\t\t\t\n\t\t\t<\/div>\n\t\t\t\n\t\t<\/div>\n\t\t\t\t\t\t<\/div>\n\t\t\t\t<\/div>\n\t\t\t\t<div class=\"elementor-element elementor-element-291345a elementor-widget elementor-widget-icon-box\" data-id=\"291345a\" data-element_type=\"widget\" data-e-type=\"widget\" data-widget_type=\"icon-box.default\">\n\t\t\t\t<div class=\"elementor-widget-container\">\n\t\t\t\t\t\t\t<div class=\"elementor-icon-box-wrapper\">\n\n\t\t\t\n\t\t\t\t\t\t<div class=\"elementor-icon-box-content\">\n\n\t\t\t\t\t\t\t\t\t<h3 class=\"elementor-icon-box-title\">\n\t\t\t\t\t\t<span  >\n\t\t\t\t\t\t\tVERANTWORTLICHKEITEN DER MANAGER UND MITARBEITER\t\t\t\t\t\t<\/span>\n\t\t\t\t\t<\/h3>\n\t\t\t\t\n\t\t\t\t\t\t\t\t\t<p class=\"elementor-icon-box-description\">\n\t\t\t\t\t\tDie Manager von ACCENTFORM sind daf\u00fcr verantwortlich ihren Mitarbeitern innerhalb ihrer Organisation den Inhalt und den Sinn dieses Dokuments vorzuleben und zu vermitteln. Sie sind dazu verpflichtet, die Mitarbeiter dazu anzuhalten, sich entsprechend diesen Grunds\u00e4tzen zu verhalten. Eine explizite oder implizite Billigung von fragw\u00fcrdigen Aktionen wird nicht toleriert. Berichte \u00fcber die Verletzung, der in diesem Kodex formulierten Verhaltensregeln k\u00f6nnen anonym und vertraulich an die Personalleitung gerichtet werden. Personen, die Verst\u00f6\u00dfe in gutem Glauben melden, haben daraus keinerlei Nachteile zu erwarten. Dieser Verhaltenskodex tritt unverz\u00fcglich und unbefristet in Kraft. Eine Nichtzustimmung zu den Vorschriften kann disziplin\u00e4re Folgen nach sich ziehen. Dieser Verhaltenskodex wurde vom Management von ACCENTFORM beschlossen und kann nur von diesem aufgehoben oder ge\u00e4ndert werden. Jede Aufhebung oder \u00c4nderung ist bekannt zu geben.\n\n\n\n\n\n\t\t\t\t\t<\/p>\n\t\t\t\t\n\t\t\t<\/div>\n\t\t\t\n\t\t<\/div>\n\t\t\t\t\t\t<\/div>\n\t\t\t\t<\/div>\n\t\t\t\t<\/div>\n\t\t\t\t<\/div>\n\t\t\t\t\t<\/div>\n\t\t\t\t<\/div>\n\t\t\t\t<\/div>\n\t\t","protected":false},"excerpt":{"rendered":"<p>VERHALTENSKODEX VON ACCENTFORM GMBH ACCENTFORM GmbH erfreut sich allgemein eines hohen Ansehens in Bezug auf ihre unternehmerische Vertrauensw\u00fcrdigkeit. Dies verdanken wir der Tatsache, dass wir all unsere Gesch\u00e4ftst\u00e4tigkeiten stets fest mit unserer Integrit\u00e4t verkn\u00fcpfen. Das hei\u00dft: Bei s\u00e4mtlichen Handlungen werden alle Gesetze und Regeln stets von uns eingehalten. Die Unternehmenswerte und das damit verbundene Engagement [&hellip;]<\/p>\n","protected":false},"author":2,"featured_media":0,"parent":2222,"menu_order":0,"comment_status":"closed","ping_status":"closed","template":"elementor_header_footer","meta":{"om_disable_all_campaigns":false,"_monsterinsights_skip_tracking":false,"_monsterinsights_sitenote_active":false,"_monsterinsights_sitenote_note":"","_monsterinsights_sitenote_category":0,"_uf_show_specific_survey":0,"_uf_disable_surveys":false,"footnotes":""},"class_list":["post-5674","page","type-page","status-publish","hentry"],"blocksy_meta":[],"yoast_head":"<!-- This site is optimized with the Yoast SEO plugin v27.4 - https:\/\/yoast.com\/product\/yoast-seo-wordpress\/ -->\n<title>Verhaltenskodex - ACCENTFORM<\/title>\n<meta name=\"description\" content=\"Der Verhaltenskodex von ACCENTFORM wurde mit einem einzigen Ziel entwickelt: Wir wollen die Grunds\u00e4tze klar zum Ausdruck bringen, nach denen die ACCENTFORM sein Verh\u00e4ltnis zu Mitarbeitern, und Gesch\u00e4ftspartnern pflegt.\" \/>\n<meta name=\"robots\" content=\"index, follow, max-snippet:-1, max-image-preview:large, max-video-preview:-1\" \/>\n<link rel=\"canonical\" href=\"https:\/\/accentform.com\/de\/home\/verhaltenskodex\/\" \/>\n<meta property=\"og:locale\" content=\"de_DE\" \/>\n<meta property=\"og:type\" content=\"article\" \/>\n<meta property=\"og:title\" content=\"Verhaltenskodex - ACCENTFORM\" \/>\n<meta property=\"og:description\" content=\"Der Verhaltenskodex von ACCENTFORM wurde mit einem einzigen Ziel entwickelt: Wir wollen die Grunds\u00e4tze klar zum Ausdruck bringen, nach denen die ACCENTFORM sein Verh\u00e4ltnis zu Mitarbeitern, und Gesch\u00e4ftspartnern pflegt.\" \/>\n<meta property=\"og:url\" content=\"https:\/\/accentform.com\/de\/home\/verhaltenskodex\/\" \/>\n<meta property=\"og:site_name\" content=\"ACCENTFORM\" \/>\n<meta property=\"article:modified_time\" content=\"2024-05-06T10:36:20+00:00\" \/>\n<meta name=\"twitter:card\" content=\"summary_large_image\" \/>\n<meta name=\"twitter:label1\" content=\"Gesch\u00e4tzte Lesezeit\" \/>\n\t<meta name=\"twitter:data1\" content=\"1\u00a0Minute\" \/>\n<!-- \/ Yoast SEO plugin. -->","yoast_head_json":{"title":"Verhaltenskodex - ACCENTFORM","description":"Der Verhaltenskodex von ACCENTFORM wurde mit einem einzigen Ziel entwickelt: Wir wollen die Grunds\u00e4tze klar zum Ausdruck bringen, nach denen die ACCENTFORM sein Verh\u00e4ltnis zu Mitarbeitern, und Gesch\u00e4ftspartnern pflegt.","robots":{"index":"index","follow":"follow","max-snippet":"max-snippet:-1","max-image-preview":"max-image-preview:large","max-video-preview":"max-video-preview:-1"},"canonical":"https:\/\/accentform.com\/de\/home\/verhaltenskodex\/","og_locale":"de_DE","og_type":"article","og_title":"Verhaltenskodex - ACCENTFORM","og_description":"Der Verhaltenskodex von ACCENTFORM wurde mit einem einzigen Ziel entwickelt: Wir wollen die Grunds\u00e4tze klar zum Ausdruck bringen, nach denen die ACCENTFORM sein Verh\u00e4ltnis zu Mitarbeitern, und Gesch\u00e4ftspartnern pflegt.","og_url":"https:\/\/accentform.com\/de\/home\/verhaltenskodex\/","og_site_name":"ACCENTFORM","article_modified_time":"2024-05-06T10:36:20+00:00","twitter_card":"summary_large_image","twitter_misc":{"Gesch\u00e4tzte Lesezeit":"1\u00a0Minute"},"schema":{"@context":"https:\/\/schema.org","@graph":[{"@type":"WebPage","@id":"https:\/\/accentform.com\/de\/home\/verhaltenskodex\/","url":"https:\/\/accentform.com\/de\/home\/verhaltenskodex\/","name":"Verhaltenskodex - ACCENTFORM","isPartOf":{"@id":"https:\/\/accentform.com\/de\/#website"},"datePublished":"2023-07-26T04:35:31+00:00","dateModified":"2024-05-06T10:36:20+00:00","description":"Der Verhaltenskodex von ACCENTFORM wurde mit einem einzigen Ziel entwickelt: Wir wollen die Grunds\u00e4tze klar zum Ausdruck bringen, nach denen die ACCENTFORM sein Verh\u00e4ltnis zu Mitarbeitern, und Gesch\u00e4ftspartnern pflegt.","breadcrumb":{"@id":"https:\/\/accentform.com\/de\/home\/verhaltenskodex\/#breadcrumb"},"inLanguage":"de","potentialAction":[{"@type":"ReadAction","target":["https:\/\/accentform.com\/de\/home\/verhaltenskodex\/"]}]},{"@type":"BreadcrumbList","@id":"https:\/\/accentform.com\/de\/home\/verhaltenskodex\/#breadcrumb","itemListElement":[{"@type":"ListItem","position":1,"name":"Home","item":"https:\/\/accentform.com\/de\/"},{"@type":"ListItem","position":2,"name":"Home","item":"https:\/\/accentform.com\/de\/"},{"@type":"ListItem","position":3,"name":"Verhaltenskodex"}]},{"@type":"WebSite","@id":"https:\/\/accentform.com\/de\/#website","url":"https:\/\/accentform.com\/de\/","name":"ACCENTFORM","description":"","publisher":{"@id":"https:\/\/accentform.com\/de\/#organization"},"potentialAction":[{"@type":"SearchAction","target":{"@type":"EntryPoint","urlTemplate":"https:\/\/accentform.com\/de\/?s={search_term_string}"},"query-input":{"@type":"PropertyValueSpecification","valueRequired":true,"valueName":"search_term_string"}}],"inLanguage":"de"},{"@type":"Organization","@id":"https:\/\/accentform.com\/de\/#organization","name":"ACCENTFORM","url":"https:\/\/accentform.com\/de\/","logo":{"@type":"ImageObject","inLanguage":"de","@id":"https:\/\/accentform.com\/de\/#\/schema\/logo\/image\/","url":"https:\/\/accentform.com\/wp-content\/uploads\/2023\/06\/Logo500px.png","contentUrl":"https:\/\/accentform.com\/wp-content\/uploads\/2023\/06\/Logo500px.png","width":500,"height":44,"caption":"ACCENTFORM"},"image":{"@id":"https:\/\/accentform.com\/de\/#\/schema\/logo\/image\/"}}]}},"_links":{"self":[{"href":"https:\/\/accentform.com\/de\/wp-json\/wp\/v2\/pages\/5674","targetHints":{"allow":["GET"]}}],"collection":[{"href":"https:\/\/accentform.com\/de\/wp-json\/wp\/v2\/pages"}],"about":[{"href":"https:\/\/accentform.com\/de\/wp-json\/wp\/v2\/types\/page"}],"author":[{"embeddable":true,"href":"https:\/\/accentform.com\/de\/wp-json\/wp\/v2\/users\/2"}],"replies":[{"embeddable":true,"href":"https:\/\/accentform.com\/de\/wp-json\/wp\/v2\/comments?post=5674"}],"version-history":[{"count":6,"href":"https:\/\/accentform.com\/de\/wp-json\/wp\/v2\/pages\/5674\/revisions"}],"predecessor-version":[{"id":17448,"href":"https:\/\/accentform.com\/de\/wp-json\/wp\/v2\/pages\/5674\/revisions\/17448"}],"up":[{"embeddable":true,"href":"https:\/\/accentform.com\/de\/wp-json\/wp\/v2\/pages\/2222"}],"wp:attachment":[{"href":"https:\/\/accentform.com\/de\/wp-json\/wp\/v2\/media?parent=5674"}],"curies":[{"name":"wp","href":"https:\/\/api.w.org\/{rel}","templated":true}]}}